{"id":28724,"date":"2016-09-16T15:12:33","date_gmt":"2016-09-16T15:12:33","guid":{"rendered":"http:\/\/pscu.edu.bo\/?page_id=28724"},"modified":"2025-09-02T18:40:41","modified_gmt":"2025-09-02T18:40:41","slug":"principal","status":"publish","type":"page","link":"https:\/\/culturaydeporte.usfx.bo\/antropologico\/","title":{"rendered":"Principal"},"content":{"rendered":"<p>[et_pb_section fb_built=\u00bb1&#8243; fullwidth=\u00bbon\u00bb custom_padding_last_edited=\u00bbon|desktop\u00bb _builder_version=\u00bb4.16&#8243; background_color=\u00bbrgba(232,232,232,0.98)\u00bb custom_padding_tablet=\u00bb50px|0|50px|0&#8243; custom_padding_phone=\u00bb\u00bb custom_css_main_element=\u00bbheight: 100vh;\u00bb global_colors_info=\u00bb{}\u00bb][et_pb_fullwidth_slider show_image_video_mobile=\u00bbon\u00bb _builder_version=\u00bb4.16&#8243; header_font=\u00bb|700||on|||||\u00bb header_font_size=\u00bb52&#8243; auto=\u00bbon\u00bb auto_ignore_hover=\u00bbon\u00bb custom_css_slide_controllers=\u00bbcolor: %22#ef666a%22&#8243; global_colors_info=\u00bb{}\u00bb button_text_size__hover_enabled=\u00bboff\u00bb button_text_size__hover=\u00bbnull\u00bb button_one_text_size__hover_enabled=\u00bboff\u00bb button_one_text_size__hover=\u00bbnull\u00bb button_two_text_size__hover_enabled=\u00bboff\u00bb button_two_text_size__hover=\u00bbnull\u00bb button_text_color__hover_enabled=\u00bboff\u00bb button_text_color__hover=\u00bbnull\u00bb button_one_text_color__hover_enabled=\u00bboff\u00bb button_one_text_color__hover=\u00bbnull\u00bb button_two_text_color__hover_enabled=\u00bboff\u00bb button_two_text_color__hover=\u00bbnull\u00bb button_border_width__hover_enabled=\u00bboff\u00bb button_border_width__hover=\u00bbnull\u00bb button_one_border_width__hover_enabled=\u00bboff\u00bb button_one_border_width__hover=\u00bbnull\u00bb button_two_border_width__hover_enabled=\u00bboff\u00bb button_two_border_width__hover=\u00bbnull\u00bb button_border_color__hover_enabled=\u00bboff\u00bb button_border_color__hover=\u00bbnull\u00bb button_one_border_color__hover_enabled=\u00bboff\u00bb button_one_border_color__hover=\u00bbnull\u00bb button_two_border_color__hover_enabled=\u00bboff\u00bb button_two_border_color__hover=\u00bbnull\u00bb button_border_radius__hover_enabled=\u00bboff\u00bb button_border_radius__hover=\u00bbnull\u00bb button_one_border_radius__hover_enabled=\u00bboff\u00bb button_one_border_radius__hover=\u00bbnull\u00bb button_two_border_radius__hover_enabled=\u00bboff\u00bb button_two_border_radius__hover=\u00bbnull\u00bb button_letter_spacing__hover_enabled=\u00bboff\u00bb button_letter_spacing__hover=\u00bbnull\u00bb button_one_letter_spacing__hover_enabled=\u00bboff\u00bb button_one_letter_spacing__hover=\u00bbnull\u00bb button_two_letter_spacing__hover_enabled=\u00bboff\u00bb button_two_letter_spacing__hover=\u00bbnull\u00bb button_bg_color__hover_enabled=\u00bboff\u00bb button_bg_color__hover=\u00bbnull\u00bb button_one_bg_color__hover_enabled=\u00bboff\u00bb button_one_bg_color__hover=\u00bbnull\u00bb button_two_bg_color__hover_enabled=\u00bboff\u00bb button_two_bg_color__hover=\u00bbnull\u00bb][et_pb_slide use_bg_overlay=\u00bboff\u00bb use_text_overlay=\u00bboff\u00bb _builder_version=\u00bb4.16&#8243; header_font=\u00bb||||||||\u00bb background_image=\u00bbhttps:\/\/culturaydeporte.usfx.bo\/antropologico\/wp-content\/uploads\/2019\/07\/slider21.jpg\u00bb button_on_hover=\u00bbon\u00bb custom_css_main_element=\u00bbheight: 100vh;\u00bb global_colors_info=\u00bb{}\u00bb sticky_transition=\u00bbon\u00bb][\/et_pb_slide][et_pb_slide use_bg_overlay=\u00bboff\u00bb use_text_overlay=\u00bboff\u00bb _builder_version=\u00bb4.16&#8243; header_font=\u00bb||||||||\u00bb background_color=\u00bb#7ebec5&#8243; background_image=\u00bbhttps:\/\/culturaydeporte.usfx.bo\/antropologico\/wp-content\/uploads\/2019\/07\/slider1.jpg\u00bb button_on_hover=\u00bbon\u00bb global_colors_info=\u00bb{}\u00bb sticky_transition=\u00bbon\u00bb][\/et_pb_slide][\/et_pb_fullwidth_slider][\/et_pb_section][et_pb_section fb_built=\u00bb1&#8243; _builder_version=\u00bb4.22.2&#8243; background_color=\u00bbrgba(237,126,0,0.41)\u00bb hover_enabled=\u00bb0&#8243; global_colors_info=\u00bb{}\u00bb background_enable_image=\u00bboff\u00bb sticky_enabled=\u00bb0&#8243;][et_pb_row _builder_version=\u00bb4.16&#8243; background_size=\u00bbinitial\u00bb background_position=\u00bbtop_left\u00bb background_repeat=\u00bbrepeat\u00bb global_colors_info=\u00bb{}\u00bb][et_pb_column type=\u00bb4_4&#8243; _builder_version=\u00bb4.16&#8243; custom_padding=\u00bb|||\u00bb global_colors_info=\u00bb{}\u00bb custom_padding__hover=\u00bb|||\u00bb][et_pb_text _builder_version=\u00bb4.16&#8243; header_font_size=\u00bb40px\u00bb global_colors_info=\u00bb{}\u00bb]<\/p>\n<h1 style=\"text-align: center;\"><strong>SALAS<\/strong><\/h1>\n<p>[\/et_pb_text][\/et_pb_column][\/et_pb_row][et_pb_row _builder_version=\u00bb4.16&#8243; background_size=\u00bbinitial\u00bb background_position=\u00bbtop_left\u00bb background_repeat=\u00bbrepeat\u00bb global_colors_info=\u00bb{}\u00bb column_structure=\u00bb1_2,1_2&#8243;][et_pb_column type=\u00bb1_2&#8243; _builder_version=\u00bb4.16&#8243; custom_padding=\u00bb|||\u00bb global_colors_info=\u00bb{}\u00bb custom_padding__hover=\u00bb|||\u00bb][et_pb_blurb url=\u00bbhttps:\/\/culturaydeporte.usfx.bo\/antropologico\/principal\/cronologia-cultural\u00bb url_new_window=\u00bbon\u00bb image=\u00bbhttps:\/\/culturaydeporte.usfx.bo\/antropologico\/wp-content\/uploads\/2019\/07\/sala1-510&#215;382.jpg\u00bb admin_label=\u00bbCronolog\u00eda Cultural\u00bb module_class=\u00bbarriba servicio_anuncio_back\u00bb _builder_version=\u00bb4.16&#8243; header_level=\u00bbh3&#8243; header_text_color=\u00bb#000000&#8243; text_orientation=\u00bbcenter\u00bb max_width_tablet=\u00bb50px\u00bb custom_padding=\u00bb0px|0px|0px|0px\u00bb animation=\u00bbright\u00bb border_style=\u00bbsolid\u00bb global_colors_info=\u00bb{}\u00bb]<\/p>\n<h1><strong><span style=\"color: #000000;\">Cronolog\u00eda Cultural<\/span><\/strong><\/h1>\n<p>[\/et_pb_blurb][et_pb_blurb url=\u00bbhttps:\/\/culturaydeporte.usfx.bo\/antropologico\/principal\/arte-rupestre\u00bb url_new_window=\u00bbon\u00bb image=\u00bbhttps:\/\/culturaydeporte.usfx.bo\/antropologico\/wp-content\/uploads\/2019\/07\/418.jpg\u00bb admin_label=\u00bbArte Rupestre\u00bb module_class=\u00bbarriba servicio_anuncio_back\u00bb _builder_version=\u00bb4.16&#8243; header_level=\u00bbh3&#8243; header_text_color=\u00bb#000000&#8243; text_orientation=\u00bbcenter\u00bb max_width_tablet=\u00bb50px\u00bb custom_padding=\u00bb0px|0px|0px|0px\u00bb animation=\u00bbright\u00bb border_style=\u00bbsolid\u00bb global_colors_info=\u00bb{}\u00bb]<\/p>\n<h1><strong><span style=\"color: #000000;\">Arte Rupestre<\/span><\/strong><\/h1>\n<p>[\/et_pb_blurb][et_pb_blurb title=\u00bbInvestigaci\u00f3n Arqueol\u00f3gico\u00bb url=\u00bbhttps:\/\/culturaydeporte.usfx.bo\/antropologico\/principal\/investigacion-arqueologico\u00bb image=\u00bbhttps:\/\/culturaydeporte.usfx.bo\/antropologico\/wp-content\/uploads\/2019\/07\/sala3.jpg\u00bb disabled_on=\u00bbon|on|on\u00bb admin_label=\u00bbInvestigaci\u00f3n Arqueol\u00f3gico\u00bb module_class=\u00bbarriba servicio_anuncio_back\u00bb _builder_version=\u00bb4.16&#8243; text_orientation=\u00bbcenter\u00bb max_width_tablet=\u00bb50px\u00bb custom_padding=\u00bb0px|0px|0px|0px\u00bb animation=\u00bbright\u00bb border_style=\u00bbsolid\u00bb disabled=\u00bbon\u00bb global_colors_info=\u00bb{}\u00bb]<\/p>\n<p style=\"text-align: center;\">Sala de Exposici\u00f3n<\/p>\n<p>[\/et_pb_blurb][\/et_pb_column][et_pb_column type=\u00bb1_2&#8243; _builder_version=\u00bb4.16&#8243; custom_padding=\u00bb|||\u00bb global_colors_info=\u00bb{}\u00bb custom_padding__hover=\u00bb|||\u00bb][et_pb_blurb url=\u00bbhttps:\/\/culturaydeporte.usfx.bo\/antropologico\/principal\/armas-y-herramientas\u00bb url_new_window=\u00bbon\u00bb image=\u00bbhttps:\/\/culturaydeporte.usfx.bo\/antropologico\/wp-content\/uploads\/2019\/07\/sala2.jpg\u00bb admin_label=\u00bbArmas y Herramientas\u00bb module_class=\u00bbarriba servicio_anuncio_back\u00bb _builder_version=\u00bb4.16&#8243; header_level=\u00bbh3&#8243; header_text_color=\u00bb#000000&#8243; text_orientation=\u00bbcenter\u00bb max_width_tablet=\u00bb50px\u00bb custom_padding=\u00bb0px|0px|0px|0px\u00bb animation=\u00bbright\u00bb border_style=\u00bbsolid\u00bb global_colors_info=\u00bb{}\u00bb]<\/p>\n<h1><strong><span style=\"color: #000000;\">Armas y Herramientas<\/span><\/strong><\/h1>\n<p>[\/et_pb_blurb][et_pb_blurb url=\u00bbhttps:\/\/culturaydeporte.usfx.bo\/antropologico\/principal\/antropologia-fisica\u00bb image=\u00bbhttps:\/\/culturaydeporte.usfx.bo\/antropologico\/wp-content\/uploads\/2019\/07\/sala5.jpg\u00bb admin_label=\u00bbAntropolog\u00eda F\u00edsica\u00bb module_class=\u00bbarriba servicio_anuncio_back\u00bb _builder_version=\u00bb4.16&#8243; header_level=\u00bbh3&#8243; header_text_color=\u00bb#000000&#8243; text_orientation=\u00bbcenter\u00bb max_width_tablet=\u00bb50px\u00bb custom_padding=\u00bb0px|0px|0px|0px\u00bb animation=\u00bbright\u00bb border_style=\u00bbsolid\u00bb global_colors_info=\u00bb{}\u00bb]<\/p>\n<h1><strong><span style=\"color: #000000;\">Antropolog\u00eda F\u00edsica<\/span><\/strong><\/h1>\n<p>[\/et_pb_blurb][\/et_pb_column][\/et_pb_row][et_pb_row disabled_on=\u00bbon|on|on\u00bb _builder_version=\u00bb4.16&#8243; background_size=\u00bbinitial\u00bb background_position=\u00bbtop_left\u00bb background_repeat=\u00bbrepeat\u00bb disabled=\u00bbon\u00bb global_colors_info=\u00bb{}\u00bb][et_pb_column type=\u00bb4_4&#8243; _builder_version=\u00bb4.16&#8243; custom_padding=\u00bb|||\u00bb global_colors_info=\u00bb{}\u00bb custom_padding__hover=\u00bb|||\u00bb][et_pb_image src=\u00bbhttps:\/\/culturaydeporte.usfx.bo\/antropologico\/wp-content\/uploads\/2019\/07\/imagen.jpg\u00bb align_tablet=\u00bbcenter\u00bb align_last_edited=\u00bbon|desktop\u00bb _builder_version=\u00bb4.16&#8243; global_colors_info=\u00bb{}\u00bb align_phone=\u00bbcenter\u00bb][\/et_pb_image][\/et_pb_column][\/et_pb_row][et_pb_row _builder_version=\u00bb4.16&#8243; background_size=\u00bbinitial\u00bb background_position=\u00bbtop_left\u00bb background_repeat=\u00bbrepeat\u00bb global_colors_info=\u00bb{}\u00bb column_structure=\u00bb1_2,1_2&#8243;][et_pb_column type=\u00bb1_2&#8243; _builder_version=\u00bb4.16&#8243; custom_padding=\u00bb|||\u00bb global_colors_info=\u00bb{}\u00bb custom_padding__hover=\u00bb|||\u00bb][et_pb_text _builder_version=\u00bb4.16&#8243; header_3_text_color=\u00bb#000000&#8243; header_4_text_color=\u00bb#a52d15&#8243; global_colors_info=\u00bb{}\u00bb]<\/p>\n<h1><span style=\"color: #000000;\"><strong>Horario<\/strong><\/span><\/h1>\n<h4><span style=\"color: #000000;\"><strong>Lunes a Viernes<\/strong><\/span><\/h4>\n<h4><span style=\"color: #000000;\"><strong>Ma\u00f1anas de 09:00 a 12:30<\/strong><\/span><\/h4>\n<h4><span style=\"color: #000000;\"><strong>Tardes de 14:30 a 18:30<\/strong><\/span><\/h4>\n<h4><span style=\"color: #000000;\"><strong>S\u00e1bado de 09:30 a 12:00<\/strong><\/span><\/h4>\n<h4><span style=\"color: #000000;\"><strong>Domingo y Feriados Cerrado<\/strong><\/span><\/h4>\n<p>[\/et_pb_text][\/et_pb_column][et_pb_column type=\u00bb1_2&#8243; _builder_version=\u00bb4.16&#8243; custom_padding=\u00bb|||\u00bb global_colors_info=\u00bb{}\u00bb custom_padding__hover=\u00bb|||\u00bb][et_pb_text disabled_on=\u00bbon|on|on\u00bb _builder_version=\u00bb4.16&#8243; disabled=\u00bbon\u00bb global_colors_info=\u00bb{}\u00bb]<strong><span style=\"color: #212c41;\">Horario<\/span><\/strong><\/p>\n<p>Lunes a Viernes<\/p>\n<p>9:00 &#8211; 12:30,<\/p>\n<p>14:30 &#8211; 18:30<\/p>\n<p>S\u00e1bado<\/p>\n<p>9:30 &#8211; 12:00<\/p>\n<p>Domingo<\/p>\n<p>Cerrado<\/p>\n<h2 style=\"text-align: center;\"><\/h2>\n<p>&nbsp;<br \/>\n[\/et_pb_text][et_pb_image src=\u00bbhttps:\/\/culturaydeporte.usfx.bo\/antropologico\/wp-content\/uploads\/2019\/07\/reloj-png.png\u00bb align_tablet=\u00bbcenter\u00bb align_last_edited=\u00bbon|desktop\u00bb disabled_on=\u00bbon|on|on\u00bb _builder_version=\u00bb4.16&#8243; disabled=\u00bbon\u00bb global_colors_info=\u00bb{}\u00bb align_phone=\u00bbcenter\u00bb][\/et_pb_image][et_pb_image src=\u00bbhttps:\/\/culturaydeporte.usfx.bo\/antropologico\/wp-content\/uploads\/2019\/07\/reloj-png.png\u00bb align_tablet=\u00bbcenter\u00bb align_last_edited=\u00bbon|desktop\u00bb disabled_on=\u00bbon|on|on\u00bb _builder_version=\u00bb4.16&#8243; disabled=\u00bbon\u00bb global_colors_info=\u00bb{}\u00bb align_phone=\u00bbcenter\u00bb][\/et_pb_image][et_pb_text disabled_on=\u00bbon|on|on\u00bb _builder_version=\u00bb4.16&#8243; disabled=\u00bbon\u00bb global_colors_info=\u00bb{}\u00bb]<strong><span style=\"color: #212c41;\">Horario<\/span><\/strong><\/p>\n<p>Lunes a Domingo<\/p>\n<p>9:00 &#8211; 12:00,<\/p>\n<p>14:30 &#8211; 17:00<\/p>\n<h2 style=\"text-align: center;\"><\/h2>\n<p>&nbsp;<br \/>\n[\/et_pb_text][et_pb_text _builder_version=\u00bb4.16&#8243; global_colors_info=\u00bb{}\u00bb]<\/p>\n<h1><span style=\"color: #000000;\"><strong>Costo<\/strong><\/span><\/h1>\n<h4><strong><span style=\"color: #000000;\">Visitantes Extranjeros Bs. 15<\/span><\/strong><\/h4>\n<h4><strong><span style=\"color: #000000;\">Visitantes Nacionales Bs. 10<\/span><\/strong><\/h4>\n<h4><strong><span style=\"color: #000000;\">Estudiantes Nacionales Bs. 5<\/span><\/strong><\/h4>\n<h4><strong><span style=\"color: #000000;\">Personas discapacitadas y Tercera edad Ingreso Gratuito<\/span><\/strong><\/h4>\n<h2 style=\"text-align: center;\"><\/h2>\n<p>[\/et_pb_text][\/et_pb_column][\/et_pb_row][et_pb_row _builder_version=\u00bb4.16&#8243; background_size=\u00bbinitial\u00bb background_position=\u00bbtop_left\u00bb background_repeat=\u00bbrepeat\u00bb global_colors_info=\u00bb{}\u00bb column_structure=\u00bb1_3,1_3,1_3&#8243;][et_pb_column type=\u00bb1_3&#8243; _builder_version=\u00bb4.16&#8243; custom_padding=\u00bb|||\u00bb global_colors_info=\u00bb{}\u00bb custom_padding__hover=\u00bb|||\u00bb][et_pb_button button_text=\u00bbM\u00c1S INFO\u00bb _builder_version=\u00bb4.16&#8243; custom_button=\u00bbon\u00bb button_text_color=\u00bb#ffffff\u00bb button_bg_color=\u00bb#9e1b30&#8243; button_border_color=\u00bb#9e1b30&#8243; button_font=\u00bb|700|||||||\u00bb global_colors_info=\u00bb{}\u00bb button_text_size__hover_enabled=\u00bboff\u00bb button_one_text_size__hover_enabled=\u00bboff\u00bb button_two_text_size__hover_enabled=\u00bboff\u00bb button_text_color__hover_enabled=\u00bboff\u00bb button_one_text_color__hover_enabled=\u00bboff\u00bb button_two_text_color__hover_enabled=\u00bboff\u00bb button_border_width__hover_enabled=\u00bboff\u00bb button_one_border_width__hover_enabled=\u00bboff\u00bb button_two_border_width__hover_enabled=\u00bboff\u00bb button_border_color__hover_enabled=\u00bboff\u00bb button_one_border_color__hover_enabled=\u00bboff\u00bb button_two_border_color__hover_enabled=\u00bboff\u00bb button_border_radius__hover_enabled=\u00bboff\u00bb button_one_border_radius__hover_enabled=\u00bboff\u00bb button_two_border_radius__hover_enabled=\u00bboff\u00bb button_letter_spacing__hover_enabled=\u00bboff\u00bb button_one_letter_spacing__hover_enabled=\u00bboff\u00bb button_two_letter_spacing__hover_enabled=\u00bboff\u00bb button_bg_color__hover_enabled=\u00bboff\u00bb button_one_bg_color__hover_enabled=\u00bboff\u00bb button_two_bg_color__hover_enabled=\u00bboff\u00bb][\/et_pb_button][\/et_pb_column][et_pb_column type=\u00bb1_3&#8243; _builder_version=\u00bb4.16&#8243; custom_padding=\u00bb|||\u00bb global_colors_info=\u00bb{}\u00bb custom_padding__hover=\u00bb|||\u00bb][\/et_pb_column][et_pb_column type=\u00bb1_3&#8243; _builder_version=\u00bb4.16&#8243; custom_padding=\u00bb|||\u00bb global_colors_info=\u00bb{}\u00bb custom_padding__hover=\u00bb|||\u00bb][\/et_pb_column][\/et_pb_row][\/et_pb_section]<\/p>\n","protected":false},"excerpt":{"rendered":"<p>SALAS Cronolog\u00eda Cultural Arte Rupestre Sala de Exposici\u00f3n Armas y Herramientas Antropolog\u00eda F\u00edsica Horario Lunes a Viernes Ma\u00f1anas de 09:00 a 12:30 Tardes de 14:30 a 18:30 S\u00e1bado de 09:30 a 12:00 Domingo y Feriados Cerrado Horario Lunes a Viernes 9:00 &#8211; 12:30, 14:30 &#8211; 18:30 S\u00e1bado 9:30 &#8211; 12:00 Domingo Cerrado &nbsp; Horario Lunes [&hellip;]<\/p>\n","protected":false},"author":1,"featured_media":0,"parent":0,"menu_order":0,"comment_status":"closed","ping_status":"closed","template":"","meta":{"_et_pb_use_builder":"on","_et_pb_old_content":"","_et_gb_content_width":"","footnotes":""},"class_list":["post-28724","page","type-page","status-publish","hentry"],"_links":{"self":[{"href":"https:\/\/culturaydeporte.usfx.bo\/antropologico\/wp-json\/wp\/v2\/pages\/28724","targetHints":{"allow":["GET"]}}],"collection":[{"href":"https:\/\/culturaydeporte.usfx.bo\/antropologico\/wp-json\/wp\/v2\/pages"}],"about":[{"href":"https:\/\/culturaydeporte.usfx.bo\/antropologico\/wp-json\/wp\/v2\/types\/page"}],"author":[{"embeddable":true,"href":"https:\/\/culturaydeporte.usfx.bo\/antropologico\/wp-json\/wp\/v2\/users\/1"}],"replies":[{"embeddable":true,"href":"https:\/\/culturaydeporte.usfx.bo\/antropologico\/wp-json\/wp\/v2\/comments?post=28724"}],"version-history":[{"count":159,"href":"https:\/\/culturaydeporte.usfx.bo\/antropologico\/wp-json\/wp\/v2\/pages\/28724\/revisions"}],"predecessor-version":[{"id":33853,"href":"https:\/\/culturaydeporte.usfx.bo\/antropologico\/wp-json\/wp\/v2\/pages\/28724\/revisions\/33853"}],"wp:attachment":[{"href":"https:\/\/culturaydeporte.usfx.bo\/antropologico\/wp-json\/wp\/v2\/media?parent=28724"}],"curies":[{"name":"wp","href":"https:\/\/api.w.org\/{rel}","templated":true}]}}