{"id":33345,"date":"2019-07-02T14:36:09","date_gmt":"2019-07-02T14:36:09","guid":{"rendered":"https:\/\/culturaydeporte.usfx.bo\/antropologico\/?page_id=33345"},"modified":"2025-09-02T18:58:51","modified_gmt":"2025-09-02T18:58:51","slug":"cronologia-cultural","status":"publish","type":"page","link":"https:\/\/culturaydeporte.usfx.bo\/antropologico\/principal\/cronologia-cultural\/","title":{"rendered":"CRONOLOG\u00cdA CULTURAL"},"content":{"rendered":"<p>[et_pb_section fb_built=\u00bb1&#8243; _builder_version=\u00bb4.16&#8243; background_image=\u00bbhttps:\/\/culturaydeporte.usfx.bo\/antropologico\/wp-content\/uploads\/2019\/07\/slider1.jpg\u00bb global_colors_info=\u00bb{}\u00bb][et_pb_row _builder_version=\u00bb4.16&#8243; global_colors_info=\u00bb{}\u00bb][et_pb_column type=\u00bb4_4&#8243; _builder_version=\u00bb4.16&#8243; custom_padding=\u00bb|||\u00bb global_colors_info=\u00bb{}\u00bb custom_padding__hover=\u00bb|||\u00bb][et_pb_text _builder_version=\u00bb4.16&#8243; text_text_color=\u00bb#000000&#8243; header_font=\u00bb|700|||||||\u00bb header_text_color=\u00bb#ffffff\u00bb header_font_size=\u00bb50px\u00bb text_orientation=\u00bbcenter\u00bb header_text_shadow_style=\u00bbpreset1&#8243; global_colors_info=\u00bb{}\u00bb]<\/p>\n<h1 style=\"text-align: center;\"><strong>CRONOLOG\u00cdA CULTURAL<\/strong><\/h1>\n<p>[\/et_pb_text][\/et_pb_column][\/et_pb_row][\/et_pb_section][et_pb_section fb_built=\u00bb1&#8243; _builder_version=\u00bb4.22.2&#8243; background_color=\u00bbrgba(237,126,0,0.41)\u00bb background_enable_image=\u00bboff\u00bb global_colors_info=\u00bb{}\u00bb][et_pb_row _builder_version=\u00bb4.16&#8243; background_size=\u00bbinitial\u00bb background_position=\u00bbtop_left\u00bb background_repeat=\u00bbrepeat\u00bb global_colors_info=\u00bb{}\u00bb][et_pb_column type=\u00bb4_4&#8243; _builder_version=\u00bb4.16&#8243; custom_padding=\u00bb|||\u00bb global_colors_info=\u00bb{}\u00bb custom_padding__hover=\u00bb|||\u00bb][et_pb_text _builder_version=\u00bb4.16&#8243; text_orientation=\u00bbjustified\u00bb global_colors_info=\u00bb{}\u00bb]<\/p>\n<h1 style=\"text-align: center;\"><b>PLANO DEL MUSEO<\/b><\/h1>\n<p>[\/et_pb_text][et_pb_blurb url=\u00bbhttps:\/\/culturaydeporte.usfx.bo\/antropologico\/wp-content\/uploads\/2019\/07\/268.jpg\u00bb url_new_window=\u00bbon\u00bb image=\u00bbhttps:\/\/culturaydeporte.usfx.bo\/antropologico\/wp-content\/uploads\/2019\/07\/268.jpg\u00bb admin_label=\u00bbPLANOS DEL MUSEO\u00bb module_class=\u00bbarriba servicio_anuncio_back\u00bb _builder_version=\u00bb4.16&#8243; text_orientation=\u00bbcenter\u00bb max_width_tablet=\u00bb50px\u00bb custom_padding=\u00bb0px|0px|0px|0px\u00bb animation=\u00bbright\u00bb border_style=\u00bbsolid\u00bb global_colors_info=\u00bb{}\u00bb][\/et_pb_blurb][et_pb_text disabled_on=\u00bbon|on|on\u00bb _builder_version=\u00bb4.16&#8243; text_orientation=\u00bbjustified\u00bb disabled=\u00bbon\u00bb global_colors_info=\u00bb{}\u00bb]<\/p>\n<h1 style=\"text-align: center;\"><strong>FORMAS DE LA CER\u00c1MICA<\/strong><\/h1>\n<p>[\/et_pb_text][\/et_pb_column][\/et_pb_row][et_pb_row column_structure=\u00bb1_4,1_4,1_2&#8243; disabled_on=\u00bbon|on|on\u00bb _builder_version=\u00bb4.16&#8243; background_size=\u00bbinitial\u00bb background_position=\u00bbtop_left\u00bb background_repeat=\u00bbrepeat\u00bb disabled=\u00bbon\u00bb global_colors_info=\u00bb{}\u00bb][et_pb_column type=\u00bb1_4&#8243; _builder_version=\u00bb4.16&#8243; custom_padding=\u00bb|||\u00bb global_colors_info=\u00bb{}\u00bb custom_padding__hover=\u00bb|||\u00bb][et_pb_blurb title=\u00bbC\u00e1ntaro\u00bb url=\u00bbhttps:\/\/culturaydeporte.usfx.bo\/antropologico\/wp-content\/uploads\/2019\/07\/277.jpg\u00bb url_new_window=\u00bbon\u00bb image=\u00bbhttps:\/\/culturaydeporte.usfx.bo\/antropologico\/wp-content\/uploads\/2019\/07\/277.jpg\u00bb admin_label=\u00bbC\u00e1ntaro\u00bb module_class=\u00bbarriba servicio_anuncio_back\u00bb _builder_version=\u00bb4.16&#8243; text_orientation=\u00bbcenter\u00bb max_width_tablet=\u00bb50px\u00bb custom_padding=\u00bb0px|0px|0px|0px\u00bb animation=\u00bbright\u00bb border_style=\u00bbsolid\u00bb global_colors_info=\u00bb{}\u00bb][\/et_pb_blurb][\/et_pb_column][et_pb_column type=\u00bb1_4&#8243; _builder_version=\u00bb4.16&#8243; custom_padding=\u00bb|||\u00bb global_colors_info=\u00bb{}\u00bb custom_padding__hover=\u00bb|||\u00bb][et_pb_text _builder_version=\u00bb4.16&#8243; text_orientation=\u00bbjustified\u00bb global_colors_info=\u00bb{}\u00bb]<\/p>\n<h1 style=\"text-align: center;\"><strong>C\u00c1NTARO<\/strong><\/h1>\n<p>[\/et_pb_text][\/et_pb_column][et_pb_column type=\u00bb1_2&#8243; _builder_version=\u00bb4.16&#8243; custom_padding=\u00bb|||\u00bb global_colors_info=\u00bb{}\u00bb custom_padding__hover=\u00bb|||\u00bb][et_pb_text _builder_version=\u00bb4.16&#8243; text_orientation=\u00bbjustified\u00bb global_colors_info=\u00bb{}\u00bb]Lanzador utilizado para transportar y almacenar los alimentos. Un cuerpo redondo con un cuello alto y una o dos asas.<br \/>\n[\/et_pb_text][\/et_pb_column][\/et_pb_row][et_pb_row column_structure=\u00bb1_4,1_4,1_2&#8243; disabled_on=\u00bbon|on|on\u00bb _builder_version=\u00bb4.16&#8243; background_size=\u00bbinitial\u00bb background_position=\u00bbtop_left\u00bb background_repeat=\u00bbrepeat\u00bb disabled=\u00bbon\u00bb global_colors_info=\u00bb{}\u00bb][et_pb_column type=\u00bb1_4&#8243; _builder_version=\u00bb4.16&#8243; custom_padding=\u00bb|||\u00bb global_colors_info=\u00bb{}\u00bb custom_padding__hover=\u00bb|||\u00bb][et_pb_blurb title=\u00bbkeru Challador\u00bb url=\u00bbhttps:\/\/culturaydeporte.usfx.bo\/antropologico\/wp-content\/uploads\/2019\/07\/286.jpg\u00bb url_new_window=\u00bbon\u00bb image=\u00bbhttps:\/\/culturaydeporte.usfx.bo\/antropologico\/wp-content\/uploads\/2019\/07\/286.jpg\u00bb admin_label=\u00bbkeru Challador\u00bb module_class=\u00bbarriba servicio_anuncio_back\u00bb _builder_version=\u00bb4.16&#8243; text_orientation=\u00bbcenter\u00bb max_width_tablet=\u00bb50px\u00bb custom_padding=\u00bb0px|0px|0px|0px\u00bb animation=\u00bbright\u00bb border_style=\u00bbsolid\u00bb global_colors_info=\u00bb{}\u00bb][\/et_pb_blurb][\/et_pb_column][et_pb_column type=\u00bb1_4&#8243; _builder_version=\u00bb4.16&#8243; custom_padding=\u00bb|||\u00bb global_colors_info=\u00bb{}\u00bb custom_padding__hover=\u00bb|||\u00bb][et_pb_text _builder_version=\u00bb4.16&#8243; text_orientation=\u00bbjustified\u00bb global_colors_info=\u00bb{}\u00bb]<\/p>\n<h1 style=\"text-align: center;\"><strong>KERU CHALLADOR<\/strong><\/h1>\n<p>[\/et_pb_text][\/et_pb_column][et_pb_column type=\u00bb1_2&#8243; _builder_version=\u00bb4.16&#8243; custom_padding=\u00bb|||\u00bb global_colors_info=\u00bb{}\u00bb custom_padding__hover=\u00bb|||\u00bb][et_pb_text _builder_version=\u00bb4.16&#8243; text_orientation=\u00bbjustified\u00bb global_colors_info=\u00bb{}\u00bb]Vaso utilizado en ocasiones especiales. Un alto, forma c\u00f3nica o cil\u00edndrica.<\/p>\n<p>Variante de la Keru. Beber taza con una perforaci\u00f3n en la base utilizada en libaciones. Un alto, embudo, forma.<br \/>\n[\/et_pb_text][\/et_pb_column][\/et_pb_row][et_pb_row column_structure=\u00bb1_4,1_4,1_2&#8243; disabled_on=\u00bbon|on|on\u00bb _builder_version=\u00bb4.16&#8243; background_size=\u00bbinitial\u00bb background_position=\u00bbtop_left\u00bb background_repeat=\u00bbrepeat\u00bb disabled=\u00bbon\u00bb global_colors_info=\u00bb{}\u00bb][et_pb_column type=\u00bb1_4&#8243; _builder_version=\u00bb4.16&#8243; custom_padding=\u00bb|||\u00bb global_colors_info=\u00bb{}\u00bb custom_padding__hover=\u00bb|||\u00bb][et_pb_blurb title=\u00bbOlla\u00bb url=\u00bbhttps:\/\/culturaydeporte.usfx.bo\/antropologico\/wp-content\/uploads\/2019\/07\/279.jpg\u00bb url_new_window=\u00bbon\u00bb image=\u00bbhttps:\/\/culturaydeporte.usfx.bo\/antropologico\/wp-content\/uploads\/2019\/07\/279.jpg\u00bb admin_label=\u00bbOlla\u00bb module_class=\u00bbarriba servicio_anuncio_back\u00bb _builder_version=\u00bb4.16&#8243; text_orientation=\u00bbcenter\u00bb max_width_tablet=\u00bb50px\u00bb custom_padding=\u00bb0px|0px|0px|0px\u00bb animation=\u00bbright\u00bb border_style=\u00bbsolid\u00bb global_colors_info=\u00bb{}\u00bb][\/et_pb_blurb][\/et_pb_column][et_pb_column type=\u00bb1_4&#8243; _builder_version=\u00bb4.16&#8243; custom_padding=\u00bb|||\u00bb global_colors_info=\u00bb{}\u00bb custom_padding__hover=\u00bb|||\u00bb][et_pb_text _builder_version=\u00bb4.16&#8243; text_orientation=\u00bbjustified\u00bb global_colors_info=\u00bb{}\u00bb]<\/p>\n<h1 style=\"text-align: center;\"><strong>OLLA<\/strong><\/h1>\n<p>[\/et_pb_text][\/et_pb_column][et_pb_column type=\u00bb1_2&#8243; _builder_version=\u00bb4.16&#8243; custom_padding=\u00bb|||\u00bb global_colors_info=\u00bb{}\u00bb custom_padding__hover=\u00bb|||\u00bb][et_pb_text _builder_version=\u00bb4.16&#8243; text_orientation=\u00bbjustified\u00bb global_colors_info=\u00bb{}\u00bb]Jar usado en la preparaci\u00f3n y consumo de alimentos. Un cuerpo redond y sin, o con un cuello muy bajo. Uno o dos asas.<br \/>\n[\/et_pb_text][\/et_pb_column][\/et_pb_row][et_pb_row column_structure=\u00bb1_4,1_4,1_2&#8243; disabled_on=\u00bbon|on|on\u00bb _builder_version=\u00bb4.16&#8243; background_size=\u00bbinitial\u00bb background_position=\u00bbtop_left\u00bb background_repeat=\u00bbrepeat\u00bb disabled=\u00bbon\u00bb global_colors_info=\u00bb{}\u00bb][et_pb_column type=\u00bb1_4&#8243; _builder_version=\u00bb4.16&#8243; custom_padding=\u00bb|||\u00bb global_colors_info=\u00bb{}\u00bb custom_padding__hover=\u00bb|||\u00bb][et_pb_blurb title=\u00bbPucu\u00bb url=\u00bbhttps:\/\/culturaydeporte.usfx.bo\/antropologico\/wp-content\/uploads\/2019\/07\/sala1-510&#215;382.jpg\u00bb url_new_window=\u00bbon\u00bb image=\u00bbhttps:\/\/culturaydeporte.usfx.bo\/antropologico\/wp-content\/uploads\/2019\/07\/sala1-510&#215;382.jpg\u00bb admin_label=\u00bbPucu\u00bb module_class=\u00bbarriba servicio_anuncio_back\u00bb _builder_version=\u00bb4.16&#8243; text_orientation=\u00bbcenter\u00bb max_width_tablet=\u00bb50px\u00bb custom_padding=\u00bb0px|0px|0px|0px\u00bb animation=\u00bbright\u00bb border_style=\u00bbsolid\u00bb global_colors_info=\u00bb{}\u00bb][\/et_pb_blurb][\/et_pb_column][et_pb_column type=\u00bb1_4&#8243; _builder_version=\u00bb4.16&#8243; custom_padding=\u00bb|||\u00bb global_colors_info=\u00bb{}\u00bb custom_padding__hover=\u00bb|||\u00bb][et_pb_text _builder_version=\u00bb4.16&#8243; text_orientation=\u00bbjustified\u00bb global_colors_info=\u00bb{}\u00bb]<\/p>\n<h1 style=\"text-align: center;\"><strong>Pucu<\/strong><\/h1>\n<p>[\/et_pb_text][\/et_pb_column][et_pb_column type=\u00bb1_2&#8243; _builder_version=\u00bb4.16&#8243; custom_padding=\u00bb|||\u00bb global_colors_info=\u00bb{}\u00bb custom_padding__hover=\u00bb|||\u00bb][et_pb_text _builder_version=\u00bb4.16&#8243; text_orientation=\u00bbjustified\u00bb global_colors_info=\u00bb{}\u00bb]Taz\u00f3n utilizado en la preparaci\u00f3n y consumo de alimentos. Una forma bajo y ancho.<br \/>\n[\/et_pb_text][\/et_pb_column][\/et_pb_row][et_pb_row column_structure=\u00bb1_4,1_4,1_2&#8243; disabled_on=\u00bbon|on|on\u00bb _builder_version=\u00bb4.16&#8243; background_size=\u00bbinitial\u00bb background_position=\u00bbtop_left\u00bb background_repeat=\u00bbrepeat\u00bb disabled=\u00bbon\u00bb global_colors_info=\u00bb{}\u00bb][et_pb_column type=\u00bb1_4&#8243; _builder_version=\u00bb4.16&#8243; custom_padding=\u00bb|||\u00bb global_colors_info=\u00bb{}\u00bb custom_padding__hover=\u00bb|||\u00bb][et_pb_blurb title=\u00bbtr\u00edpode Taz\u00f3n\u00bb url=\u00bbhttps:\/\/culturaydeporte.usfx.bo\/antropologico\/wp-content\/uploads\/2019\/07\/275.jpg\u00bb url_new_window=\u00bbon\u00bb image=\u00bbhttps:\/\/culturaydeporte.usfx.bo\/antropologico\/wp-content\/uploads\/2019\/07\/275.jpg\u00bb admin_label=\u00bbtr\u00edpode Taz\u00f3n\u00bb module_class=\u00bbarriba servicio_anuncio_back\u00bb _builder_version=\u00bb4.16&#8243; text_orientation=\u00bbcenter\u00bb max_width_tablet=\u00bb50px\u00bb custom_padding=\u00bb0px|0px|0px|0px\u00bb animation=\u00bbright\u00bb border_style=\u00bbsolid\u00bb global_colors_info=\u00bb{}\u00bb][\/et_pb_blurb][\/et_pb_column][et_pb_column type=\u00bb1_4&#8243; _builder_version=\u00bb4.16&#8243; custom_padding=\u00bb|||\u00bb global_colors_info=\u00bb{}\u00bb custom_padding__hover=\u00bb|||\u00bb][et_pb_text _builder_version=\u00bb4.16&#8243; text_orientation=\u00bbjustified\u00bb global_colors_info=\u00bb{}\u00bb]<\/p>\n<h1 style=\"text-align: center;\"><strong>tr\u00edpode Taz\u00f3n<\/strong><\/h1>\n<p>[\/et_pb_text][\/et_pb_column][et_pb_column type=\u00bb1_2&#8243; _builder_version=\u00bb4.16&#8243; custom_padding=\u00bb|||\u00bb global_colors_info=\u00bb{}\u00bb custom_padding__hover=\u00bb|||\u00bb][et_pb_text _builder_version=\u00bb4.16&#8243; text_orientation=\u00bbjustified\u00bb global_colors_info=\u00bb{}\u00bb]Un plato con tres patas utilizado en ocasiones ceremoniales. El cuerpo es baja y ancha.<br \/>\n[\/et_pb_text][\/et_pb_column][\/et_pb_row][et_pb_row column_structure=\u00bb1_3,1_3,1_3&#8243; _builder_version=\u00bb4.16&#8243; background_size=\u00bbinitial\u00bb background_position=\u00bbtop_left\u00bb background_repeat=\u00bbrepeat\u00bb global_colors_info=\u00bb{}\u00bb][et_pb_column type=\u00bb1_3&#8243; _builder_version=\u00bb4.16&#8243; custom_padding=\u00bb|||\u00bb global_colors_info=\u00bb{}\u00bb custom_padding__hover=\u00bb|||\u00bb][et_pb_blurb url=\u00bbhttps:\/\/culturaydeporte.usfx.bo\/antropologico\/formativo\u00bb url_new_window=\u00bbon\u00bb image=\u00bbhttps:\/\/culturaydeporte.usfx.bo\/antropologico\/wp-content\/uploads\/2019\/07\/269-510&#215;382-1.jpg\u00bb admin_label=\u00bbTESTIMONIOS FORMATIVO\u00bb module_class=\u00bbarriba servicio_anuncio_back\u00bb _builder_version=\u00bb4.16&#8243; text_orientation=\u00bbcenter\u00bb max_width_tablet=\u00bb50px\u00bb custom_padding=\u00bb0px|0px|0px|0px\u00bb animation=\u00bbright\u00bb border_style=\u00bbsolid\u00bb global_colors_info=\u00bb{}\u00bb]<\/p>\n<h2 style=\"text-align: center;\"><strong><span style=\"color: #000000;\">TESTIMONIOS FORMATIVO<\/span><\/strong><\/h2>\n<p>[\/et_pb_blurb][et_pb_blurb url=\u00bbhttps:\/\/culturaydeporte.usfx.bo\/antropologico\/omereque-policromo\u00bb url_new_window=\u00bbon\u00bb image=\u00bbhttps:\/\/culturaydeporte.usfx.bo\/antropologico\/wp-content\/uploads\/2019\/07\/277-1.jpg\u00bb admin_label=\u00bbTESTIMONIOS Omereque POLICROMO\u00bb module_class=\u00bbarriba servicio_anuncio_back\u00bb _builder_version=\u00bb4.16&#8243; text_orientation=\u00bbcenter\u00bb max_width_tablet=\u00bb50px\u00bb custom_padding=\u00bb0px|0px|0px|0px\u00bb animation=\u00bbright\u00bb border_style=\u00bbsolid\u00bb global_colors_info=\u00bb{}\u00bb]<\/p>\n<h2 style=\"text-align: center;\"><strong><span style=\"color: #000000;\">TESTIMONIOS OMEREQUE POL\u00cdCROMO<\/span><\/strong><\/h2>\n<p>[\/et_pb_blurb][et_pb_blurb url=\u00bbhttps:\/\/culturaydeporte.usfx.bo\/antropologico\/yampara\u00bb url_new_window=\u00bbon\u00bb image=\u00bbhttps:\/\/culturaydeporte.usfx.bo\/antropologico\/wp-content\/uploads\/2019\/07\/285-1.jpg\u00bb admin_label=\u00bbTESTIMONIOS YAMPARA\u00bb module_class=\u00bbarriba servicio_anuncio_back\u00bb _builder_version=\u00bb4.16&#8243; text_orientation=\u00bbcenter\u00bb max_width_tablet=\u00bb50px\u00bb custom_padding=\u00bb0px|0px|0px|0px\u00bb animation=\u00bbright\u00bb border_style=\u00bbsolid\u00bb global_colors_info=\u00bb{}\u00bb]<\/p>\n<h2 style=\"text-align: center;\"><strong><span style=\"color: #000000;\">TESTIMONIOS YAMPARA<\/span><\/strong><\/h2>\n<p>[\/et_pb_blurb][\/et_pb_column][et_pb_column type=\u00bb1_3&#8243; _builder_version=\u00bb4.16&#8243; custom_padding=\u00bb|||\u00bb global_colors_info=\u00bb{}\u00bb custom_padding__hover=\u00bb|||\u00bb][et_pb_blurb url=\u00bbhttps:\/\/culturaydeporte.usfx.bo\/antropologico\/salsas\u00bb url_new_window=\u00bbon\u00bb image=\u00bbhttps:\/\/culturaydeporte.usfx.bo\/antropologico\/wp-content\/uploads\/2019\/07\/sala1-510&#215;382.jpg\u00bb admin_label=\u00bbTESTIMONIOS SAUCES\u00bb module_class=\u00bbarriba servicio_anuncio_back\u00bb _builder_version=\u00bb4.16&#8243; text_orientation=\u00bbcenter\u00bb max_width_tablet=\u00bb50px\u00bb custom_padding=\u00bb0px|0px|0px|0px\u00bb animation=\u00bbright\u00bb border_style=\u00bbsolid\u00bb global_colors_info=\u00bb{}\u00bb]<\/p>\n<h2 style=\"text-align: center;\"><strong><span style=\"color: #000000;\">TESTIMONIOS SAUCES<\/span><\/strong><\/h2>\n<p>[\/et_pb_blurb][et_pb_blurb url=\u00bbhttps:\/\/culturaydeporte.usfx.bo\/antropologico\/yura\u00bb url_new_window=\u00bbon\u00bb image=\u00bbhttps:\/\/culturaydeporte.usfx.bo\/antropologico\/wp-content\/uploads\/2019\/07\/279-510&#215;382-1.jpg\u00bb admin_label=\u00bbTESTIMONIOS Yura\u00bb module_class=\u00bbarriba servicio_anuncio_back\u00bb _builder_version=\u00bb4.16&#8243; text_orientation=\u00bbcenter\u00bb max_width_tablet=\u00bb50px\u00bb custom_padding=\u00bb0px|0px|0px|0px\u00bb animation=\u00bbright\u00bb border_style=\u00bbsolid\u00bb global_colors_info=\u00bb{}\u00bb]<\/p>\n<h2 style=\"text-align: center;\"><strong><span style=\"color: #000000;\">TESTIMONIOS YURA<\/span><\/strong><\/h2>\n<p>[\/et_pb_blurb][et_pb_blurb url=\u00bbhttps:\/\/culturaydeporte.usfx.bo\/antropologico\/yampara-presto-puno\u00bb url_new_window=\u00bbon\u00bb image=\u00bbhttps:\/\/culturaydeporte.usfx.bo\/antropologico\/wp-content\/uploads\/2019\/07\/288.jpg\u00bb admin_label=\u00bbTESTIMONIOS YAMPARA-PRESTO-PUNO\u00bb module_class=\u00bbarriba servicio_anuncio_back\u00bb _builder_version=\u00bb4.16&#8243; text_orientation=\u00bbcenter\u00bb max_width_tablet=\u00bb50px\u00bb custom_padding=\u00bb0px|0px|0px|0px\u00bb animation=\u00bbright\u00bb border_style=\u00bbsolid\u00bb global_colors_info=\u00bb{}\u00bb]<\/p>\n<h2 style=\"text-align: center;\"><strong><span style=\"color: #000000;\">TESTIMONIOS YAMPARA-PRESTO-PUNO<\/span><\/strong><\/h2>\n<p>[\/et_pb_blurb][\/et_pb_column][et_pb_column type=\u00bb1_3&#8243; _builder_version=\u00bb4.16&#8243; custom_padding=\u00bb|||\u00bb global_colors_info=\u00bb{}\u00bb custom_padding__hover=\u00bb|||\u00bb][et_pb_blurb url=\u00bbhttps:\/\/culturaydeporte.usfx.bo\/antropologico\/mojocoya\u00bb url_new_window=\u00bbon\u00bb image=\u00bbhttps:\/\/culturaydeporte.usfx.bo\/antropologico\/wp-content\/uploads\/2019\/07\/275.jpg\u00bb admin_label=\u00bbTESTIMONIOS Mojocoya\u00bb module_class=\u00bbarriba servicio_anuncio_back\u00bb _builder_version=\u00bb4.16&#8243; text_orientation=\u00bbcenter\u00bb max_width_tablet=\u00bb50px\u00bb custom_padding=\u00bb0px|0px|0px|0px\u00bb animation=\u00bbright\u00bb border_style=\u00bbsolid\u00bb global_colors_info=\u00bb{}\u00bb]<\/p>\n<h2 style=\"text-align: center;\"><strong><span style=\"color: #000000;\">TESTIMONIOS MOJOCOYA <\/span><\/strong><\/h2>\n<p>[\/et_pb_blurb][et_pb_blurb url=\u00bbhttps:\/\/culturaydeporte.usfx.bo\/antropologico\/yura-huruquilla\u00bb url_new_window=\u00bbon\u00bb image=\u00bbhttps:\/\/culturaydeporte.usfx.bo\/antropologico\/wp-content\/uploads\/2019\/07\/283-510&#215;382-1.jpg\u00bb admin_label=\u00bbTESTIMONIOS Yura-Huruquilla\u00bb module_class=\u00bbarriba servicio_anuncio_back\u00bb _builder_version=\u00bb4.16&#8243; text_orientation=\u00bbcenter\u00bb max_width_tablet=\u00bb50px\u00bb custom_padding=\u00bb0px|0px|0px|0px\u00bb animation=\u00bbright\u00bb border_style=\u00bbsolid\u00bb global_colors_info=\u00bb{}\u00bb]<\/p>\n<h2 style=\"text-align: center;\"><strong><span style=\"color: #000000;\">TESTIMONIOS YURA-HURUQUILLA<\/span><\/strong><\/h2>\n<p>[\/et_pb_blurb][et_pb_blurb url=\u00bbhttps:\/\/culturaydeporte.usfx.bo\/antropologico\/inca\u00bb url_new_window=\u00bbon\u00bb image=\u00bbhttps:\/\/culturaydeporte.usfx.bo\/antropologico\/wp-content\/uploads\/2019\/07\/290.jpg\u00bb admin_label=\u00bbTESTIMONIOS INCA\u00bb module_class=\u00bbarriba servicio_anuncio_back\u00bb _builder_version=\u00bb4.16&#8243; text_orientation=\u00bbcenter\u00bb max_width_tablet=\u00bb50px\u00bb custom_padding=\u00bb0px|0px|0px|0px\u00bb animation=\u00bbright\u00bb border_style=\u00bbsolid\u00bb global_colors_info=\u00bb{}\u00bb]<\/p>\n<h2 style=\"text-align: center;\"><strong><span style=\"color: #000000;\">TESTIMONIOS INCA<\/span><\/strong><\/h2>\n<p>[\/et_pb_blurb][\/et_pb_column][\/et_pb_row][\/et_pb_section]<\/p>\n","protected":false},"excerpt":{"rendered":"<p>CRONOLOG\u00cdA CULTURAL PLANO DEL MUSEO FORMAS DE LA CER\u00c1MICA C\u00c1NTARO Lanzador utilizado para transportar y almacenar los alimentos. Un cuerpo redondo con un cuello alto y una o dos asas. KERU CHALLADOR Vaso utilizado en ocasiones especiales. Un alto, forma c\u00f3nica o cil\u00edndrica. Variante de la Keru. Beber taza con una perforaci\u00f3n en la base [&hellip;]<\/p>\n","protected":false},"author":1,"featured_media":0,"parent":28724,"menu_order":0,"comment_status":"closed","ping_status":"closed","template":"","meta":{"_et_pb_use_builder":"on","_et_pb_old_content":"","_et_gb_content_width":"","footnotes":""},"class_list":["post-33345","page","type-page","status-publish","hentry"],"_links":{"self":[{"href":"https:\/\/culturaydeporte.usfx.bo\/antropologico\/wp-json\/wp\/v2\/pages\/33345","targetHints":{"allow":["GET"]}}],"collection":[{"href":"https:\/\/culturaydeporte.usfx.bo\/antropologico\/wp-json\/wp\/v2\/pages"}],"about":[{"href":"https:\/\/culturaydeporte.usfx.bo\/antropologico\/wp-json\/wp\/v2\/types\/page"}],"author":[{"embeddable":true,"href":"https:\/\/culturaydeporte.usfx.bo\/antropologico\/wp-json\/wp\/v2\/users\/1"}],"replies":[{"embeddable":true,"href":"https:\/\/culturaydeporte.usfx.bo\/antropologico\/wp-json\/wp\/v2\/comments?post=33345"}],"version-history":[{"count":2,"href":"https:\/\/culturaydeporte.usfx.bo\/antropologico\/wp-json\/wp\/v2\/pages\/33345\/revisions"}],"predecessor-version":[{"id":33894,"href":"https:\/\/culturaydeporte.usfx.bo\/antropologico\/wp-json\/wp\/v2\/pages\/33345\/revisions\/33894"}],"up":[{"embeddable":true,"href":"https:\/\/culturaydeporte.usfx.bo\/antropologico\/wp-json\/wp\/v2\/pages\/28724"}],"wp:attachment":[{"href":"https:\/\/culturaydeporte.usfx.bo\/antropologico\/wp-json\/wp\/v2\/media?parent=33345"}],"curies":[{"name":"wp","href":"https:\/\/api.w.org\/{rel}","templated":true}]}}