{"id":33414,"date":"2019-07-03T21:47:17","date_gmt":"2019-07-03T21:47:17","guid":{"rendered":"https:\/\/culturaydeporte.usfx.bo\/antropologico\/?page_id=33414"},"modified":"2025-09-02T18:55:58","modified_gmt":"2025-09-02T18:55:58","slug":"armas-y-herramientas","status":"publish","type":"page","link":"https:\/\/culturaydeporte.usfx.bo\/antropologico\/principal\/armas-y-herramientas\/","title":{"rendered":"ARMAS Y HERRAMIENTAS"},"content":{"rendered":"<p>[et_pb_section fb_built=\u00bb1&#8243; _builder_version=\u00bb4.16&#8243; background_color=\u00bb#000000&#8243; global_colors_info=\u00bb{}\u00bb][et_pb_row _builder_version=\u00bb4.16&#8243; background_size=\u00bbinitial\u00bb background_position=\u00bbtop_left\u00bb background_repeat=\u00bbrepeat\u00bb global_colors_info=\u00bb{}\u00bb][et_pb_column type=\u00bb4_4&#8243; _builder_version=\u00bb4.16&#8243; custom_padding=\u00bb|||\u00bb global_colors_info=\u00bb{}\u00bb custom_padding__hover=\u00bb|||\u00bb][et_pb_text _builder_version=\u00bb4.16&#8243; text_text_color=\u00bb#000000&#8243; header_font=\u00bb|700|||||||\u00bb header_text_color=\u00bb#ffffff\u00bb header_font_size=\u00bb50px\u00bb text_orientation=\u00bbcenter\u00bb header_text_shadow_style=\u00bbpreset1&#8243; global_colors_info=\u00bb{}\u00bb]<\/p>\n<h1 style=\"text-align: center;\"><strong>ARMAS Y HERRAMIENTAS<\/strong><\/h1>\n<p>[\/et_pb_text][\/et_pb_column][\/et_pb_row][\/et_pb_section][et_pb_section fb_built=\u00bb1&#8243; _builder_version=\u00bb4.22.2&#8243; background_color=\u00bbrgba(237,126,0,0.41)\u00bb background_enable_image=\u00bboff\u00bb global_colors_info=\u00bb{}\u00bb][et_pb_row _builder_version=\u00bb4.16&#8243; background_size=\u00bbinitial\u00bb background_position=\u00bbtop_left\u00bb background_repeat=\u00bbrepeat\u00bb global_colors_info=\u00bb{}\u00bb][et_pb_column type=\u00bb4_4&#8243; _builder_version=\u00bb4.16&#8243; custom_padding=\u00bb|||\u00bb global_colors_info=\u00bb{}\u00bb custom_padding__hover=\u00bb|||\u00bb][et_pb_text _builder_version=\u00bb4.16&#8243; header_4_letter_spacing=\u00bb2px\u00bb text_orientation=\u00bbjustified\u00bb global_colors_info=\u00bb{}\u00bb]<\/p>\n<h4><strong><span style=\"color: #000000;\">Se utilizaron diversos materiales para fabricar armas y herramientas:<\/span><\/strong><\/h4>\n<ul>\n<li>\n<h2><strong><span style=\"color: #000000;\">L\u00cdTICOS<\/span><\/strong><\/h2>\n<\/li>\n<\/ul>\n<h4 align=\"justify\"><strong><span style=\"color: #000000;\">Piedras de diferentes tipos, calidad y durezas, generalmente obtenidas del entorno geogr\u00e1fico del grupo social correspondiente, aunque en algunos casos los materiales provienen de otras \u00e1reas geogr\u00e1ficas, posiblemente conseguidas por comercio u otras formas de apropiaci\u00f3n. La caracter\u00edstica del material, mayor dureza, mejor presentaci\u00f3n, mejores condiciones de elaboraci\u00f3n, etc.<\/span><\/strong><\/h4>\n<ul>\n<li>\n<h3><strong><span style=\"color: #000000;\">METALES<\/span><\/strong><\/h3>\n<\/li>\n<\/ul>\n<h4 align=\"justify\"><strong><span style=\"color: #000000;\">En el caso del actual territorio boliviano se desarrollaron las t\u00e9cnicas de tratamiento del cobre, aleaciones para obtener el bronce y aparentemente rudimentarios conocimientos en la utilizaci\u00f3n del hierro.<\/span><\/strong><\/h4>\n<ul>\n<li>\n<h3><strong><span style=\"color: #000000;\">DE ORIGEN VEGETAL<\/span><\/strong><\/h3>\n<\/li>\n<\/ul>\n<h4 align=\"justify\"><strong><span style=\"color: #000000;\">Los testimonios de estos materiales no son frecuentemente encontrados, las condiciones de conservaci\u00f3n de descomposici\u00f3n que presentan como restos org\u00e1nicos hacen que su conservaci\u00f3n sea limitada.<\/span><\/strong><\/h4>\n<ul>\n<li>\n<h3><strong><span style=\"color: #000000;\">DE ORIGEN ANIMAL<\/span><\/strong><\/h3>\n<\/li>\n<\/ul>\n<h4 align=\"justify\"><strong><span style=\"color: #000000;\">Han subsistido principalmente los testimonios de hueso que suelen ser resistentes a la descomposici\u00f3n, no as\u00ed otras partes como la piel, el cuero, cuernos, tendones de extremidades, pezu\u00f1as, etc.<\/span><\/strong><\/h4>\n<p>[\/et_pb_text][\/et_pb_column][\/et_pb_row][et_pb_row column_structure=\u00bb1_4,1_2,1_4&#8243; _builder_version=\u00bb4.16&#8243; background_size=\u00bbinitial\u00bb background_position=\u00bbtop_left\u00bb background_repeat=\u00bbrepeat\u00bb global_colors_info=\u00bb{}\u00bb][et_pb_column type=\u00bb1_4&#8243; _builder_version=\u00bb4.16&#8243; custom_padding=\u00bb|||\u00bb global_colors_info=\u00bb{}\u00bb custom_padding__hover=\u00bb|||\u00bb][\/et_pb_column][et_pb_column type=\u00bb1_2&#8243; _builder_version=\u00bb4.16&#8243; custom_padding=\u00bb|||\u00bb global_colors_info=\u00bb{}\u00bb custom_padding__hover=\u00bb|||\u00bb][et_pb_gallery gallery_ids=\u00bb33760,33756,33751,33746,33740,33741,33739,33728,33707,33424,33312,33711&#8243; fullwidth=\u00bbon\u00bb _builder_version=\u00bb4.16&#8243; auto=\u00bbon\u00bb auto_speed=\u00bb3000&#8243; global_colors_info=\u00bb{}\u00bb][\/et_pb_gallery][\/et_pb_column][et_pb_column type=\u00bb1_4&#8243; _builder_version=\u00bb4.16&#8243; custom_padding=\u00bb|||\u00bb global_colors_info=\u00bb{}\u00bb custom_padding__hover=\u00bb|||\u00bb][\/et_pb_column][\/et_pb_row][et_pb_row column_structure=\u00bb1_3,1_3,1_3&#8243; disabled_on=\u00bbon|on|on\u00bb _builder_version=\u00bb4.16&#8243; background_size=\u00bbinitial\u00bb background_position=\u00bbtop_left\u00bb background_repeat=\u00bbrepeat\u00bb disabled=\u00bbon\u00bb global_colors_info=\u00bb{}\u00bb][et_pb_column type=\u00bb1_3&#8243; _builder_version=\u00bb4.16&#8243; custom_padding=\u00bb|||\u00bb global_colors_info=\u00bb{}\u00bb custom_padding__hover=\u00bb|||\u00bb][et_pb_blurb title=\u00bbEJE\u00bb url=\u00bbhttps:\/\/culturaydeporte.usfx.bo\/antropologico\/eje\u00bb url_new_window=\u00bbon\u00bb image=\u00bbhttps:\/\/culturaydeporte.usfx.bo\/antropologico\/wp-content\/uploads\/2019\/07\/352.jpg\u00bb admin_label=\u00bbeje\u00bb module_class=\u00bbarriba servicio_anuncio_back\u00bb _builder_version=\u00bb4.16&#8243; text_orientation=\u00bbcenter\u00bb max_width_tablet=\u00bb50px\u00bb custom_padding=\u00bb0px|0px|0px|0px\u00bb animation=\u00bbright\u00bb border_style=\u00bbsolid\u00bb global_colors_info=\u00bb{}\u00bb][\/et_pb_blurb][et_pb_blurb title=\u00bbBOLAS\u00bb url=\u00bbhttps:\/\/culturaydeporte.usfx.bo\/antropologico\/bolas\u00bb url_new_window=\u00bbon\u00bb image=\u00bbhttps:\/\/culturaydeporte.usfx.bo\/antropologico\/wp-content\/uploads\/2019\/07\/357.jpg\u00bb admin_label=\u00bbBolas\u00bb module_class=\u00bbarriba servicio_anuncio_back\u00bb _builder_version=\u00bb4.16&#8243; text_orientation=\u00bbcenter\u00bb max_width_tablet=\u00bb50px\u00bb custom_padding=\u00bb0px|0px|0px|0px\u00bb animation=\u00bbright\u00bb border_style=\u00bbsolid\u00bb global_colors_info=\u00bb{}\u00bb][\/et_pb_blurb][et_pb_blurb title=\u00bbCUCHILLOS\u00bb url=\u00bbhttps:\/\/culturaydeporte.usfx.bo\/antropologico\/cuchillos\u00bb url_new_window=\u00bbon\u00bb image=\u00bbhttps:\/\/culturaydeporte.usfx.bo\/antropologico\/wp-content\/uploads\/2019\/07\/378.jpg\u00bb admin_label=\u00bbCuchillos\u00bb module_class=\u00bbarriba servicio_anuncio_back\u00bb _builder_version=\u00bb4.16&#8243; text_orientation=\u00bbcenter\u00bb max_width_tablet=\u00bb50px\u00bb custom_padding=\u00bb0px|0px|0px|0px\u00bb animation=\u00bbright\u00bb border_style=\u00bbsolid\u00bb global_colors_info=\u00bb{}\u00bb][\/et_pb_blurb][et_pb_blurb title=\u00bbLA PRODUCCI\u00d3N DE CER\u00c1MICA\u00bb url=\u00bbhttps:\/\/culturaydeporte.usfx.bo\/antropologico\/la-produccion-de-ceramica\u00bb url_new_window=\u00bbon\u00bb image=\u00bbhttps:\/\/culturaydeporte.usfx.bo\/antropologico\/wp-content\/uploads\/2019\/07\/371.jpg\u00bb admin_label=\u00bbLA PRODUCCI\u00d3N DE CER\u00c1MICA\u00bb module_class=\u00bbarriba servicio_anuncio_back\u00bb _builder_version=\u00bb4.16&#8243; text_orientation=\u00bbcenter\u00bb max_width_tablet=\u00bb50px\u00bb custom_padding=\u00bb0px|0px|0px|0px\u00bb animation=\u00bbright\u00bb border_style=\u00bbsolid\u00bb global_colors_info=\u00bb{}\u00bb][\/et_pb_blurb][et_pb_blurb title=\u00bbTERRAZAS AGR\u00cdCOLAS\u00bb url=\u00bbhttps:\/\/culturaydeporte.usfx.bo\/antropologico\/terrazas-agricolas\u00bb url_new_window=\u00bbon\u00bb image=\u00bbhttps:\/\/culturaydeporte.usfx.bo\/antropologico\/wp-content\/uploads\/2019\/07\/382.jpg\u00bb admin_label=\u00bbTERRAZAS AGR\u00cdCOLAS\u00bb module_class=\u00bbarriba servicio_anuncio_back\u00bb _builder_version=\u00bb4.16&#8243; text_orientation=\u00bbcenter\u00bb max_width_tablet=\u00bb50px\u00bb custom_padding=\u00bb0px|0px|0px|0px\u00bb animation=\u00bbright\u00bb border_style=\u00bbsolid\u00bb global_colors_info=\u00bb{}\u00bb][\/et_pb_blurb][\/et_pb_column][et_pb_column type=\u00bb1_3&#8243; _builder_version=\u00bb4.16&#8243; custom_padding=\u00bb|||\u00bb global_colors_info=\u00bb{}\u00bb custom_padding__hover=\u00bb|||\u00bb][et_pb_blurb title=\u00bbL\u00cdTICOS PEQUE\u00d1OS\u00bb url=\u00bbhttps:\/\/culturaydeporte.usfx.bo\/antropologico\/liticos-pequenas\u00bb url_new_window=\u00bbon\u00bb image=\u00bbhttps:\/\/culturaydeporte.usfx.bo\/antropologico\/wp-content\/uploads\/2019\/08\/LITICOS-PEQUE\u00d1OS.png\u00bb admin_label=\u00bbL\u00cdTICOS PEQUE\u00d1O\u00bb module_class=\u00bbarriba servicio_anuncio_back\u00bb _builder_version=\u00bb4.16&#8243; text_orientation=\u00bbcenter\u00bb max_width_tablet=\u00bb50px\u00bb custom_padding=\u00bb0px|0px|0px|0px\u00bb animation=\u00bbright\u00bb border_style=\u00bbsolid\u00bb global_colors_info=\u00bb{}\u00bb][\/et_pb_blurb][et_pb_blurb title=\u00bbBALAS SLING\u00bb url=\u00bbhttps:\/\/culturaydeporte.usfx.bo\/antropologico\/balas-sling\u00bb url_new_window=\u00bbon\u00bb image=\u00bbhttps:\/\/culturaydeporte.usfx.bo\/antropologico\/wp-content\/uploads\/2019\/07\/357.jpg\u00bb admin_label=\u00bbBALAS SLING\u00bb module_class=\u00bbarriba servicio_anuncio_back\u00bb _builder_version=\u00bb4.16&#8243; text_orientation=\u00bbcenter\u00bb max_width_tablet=\u00bb50px\u00bb custom_padding=\u00bb0px|0px|0px|0px\u00bb animation=\u00bbright\u00bb border_style=\u00bbsolid\u00bb global_colors_info=\u00bb{}\u00bb][\/et_pb_blurb][et_pb_blurb title=\u00bbMORTEROS\u00bb url=\u00bbhttps:\/\/culturaydeporte.usfx.bo\/antropologico\/morteros\u00bb url_new_window=\u00bbon\u00bb image=\u00bbhttps:\/\/culturaydeporte.usfx.bo\/antropologico\/wp-content\/uploads\/2019\/07\/367-510&#215;382.jpg\u00bb admin_label=\u00bbMORTEROS\u00bb module_class=\u00bbarriba servicio_anuncio_back\u00bb _builder_version=\u00bb4.16&#8243; text_orientation=\u00bbcenter\u00bb max_width_tablet=\u00bb50px\u00bb custom_padding=\u00bb0px|0px|0px|0px\u00bb animation=\u00bbright\u00bb border_style=\u00bbsolid\u00bb global_colors_info=\u00bb{}\u00bb][\/et_pb_blurb][et_pb_blurb title=\u00bbLA PRODUCCI\u00d3N TEXTIL\u00bb url=\u00bbhttps:\/\/culturaydeporte.usfx.bo\/antropologico\/la-produccion-textil\u00bb url_new_window=\u00bbon\u00bb image=\u00bbhttps:\/\/culturaydeporte.usfx.bo\/antropologico\/wp-content\/uploads\/2019\/07\/373.jpg\u00bb admin_label=\u00bbLA PRODUCCI\u00d3N TEXTIL\u00bb module_class=\u00bbarriba servicio_anuncio_back\u00bb _builder_version=\u00bb4.16&#8243; text_orientation=\u00bbcenter\u00bb max_width_tablet=\u00bb50px\u00bb custom_padding=\u00bb0px|0px|0px|0px\u00bb animation=\u00bbright\u00bb border_style=\u00bbsolid\u00bb global_colors_info=\u00bb{}\u00bb][\/et_pb_blurb][et_pb_blurb title=\u00bbOBJETOS Y FETICHES CULTO\u00bb url=\u00bbhttps:\/\/culturaydeporte.usfx.bo\/antropologico\/objetos-y-fetiches-culto\u00bb url_new_window=\u00bbon\u00bb image=\u00bbhttps:\/\/culturaydeporte.usfx.bo\/antropologico\/wp-content\/uploads\/2019\/07\/290-1.jpg\u00bb admin_label=\u00bbOBJETOS Y FETICHES CULTO\u00bb module_class=\u00bbarriba servicio_anuncio_back\u00bb _builder_version=\u00bb4.16&#8243; text_orientation=\u00bbcenter\u00bb max_width_tablet=\u00bb50px\u00bb custom_padding=\u00bb0px|0px|0px|0px\u00bb animation=\u00bbright\u00bb border_style=\u00bbsolid\u00bb global_colors_info=\u00bb{}\u00bb][\/et_pb_blurb][\/et_pb_column][et_pb_column type=\u00bb1_3&#8243; _builder_version=\u00bb4.16&#8243; custom_padding=\u00bb|||\u00bb global_colors_info=\u00bb{}\u00bb custom_padding__hover=\u00bb|||\u00bb][et_pb_blurb title=\u00bbMACES\u00bb url=\u00bbhttps:\/\/culturaydeporte.usfx.bo\/antropologico\/maces\u00bb url_new_window=\u00bbon\u00bb image=\u00bbhttps:\/\/culturaydeporte.usfx.bo\/antropologico\/wp-content\/uploads\/2019\/07\/352.jpg\u00bb admin_label=\u00bbMACES\u00bb module_class=\u00bbarriba servicio_anuncio_back\u00bb _builder_version=\u00bb4.16&#8243; text_orientation=\u00bbcenter\u00bb max_width_tablet=\u00bb50px\u00bb custom_padding=\u00bb0px|0px|0px|0px\u00bb animation=\u00bbright\u00bb border_style=\u00bbsolid\u00bb global_colors_info=\u00bb{}\u00bb][\/et_pb_blurb][et_pb_blurb title=\u00bbMU\u00d1EQUERAS\u00bb url=\u00bbhttps:\/\/culturaydeporte.usfx.bo\/antropologico\/munequeras\u00bb url_new_window=\u00bbon\u00bb image=\u00bbhttps:\/\/culturaydeporte.usfx.bo\/antropologico\/wp-content\/uploads\/2019\/07\/358.jpg\u00bb admin_label=\u00bbMu\u00f1equeras\u00bb module_class=\u00bbarriba servicio_anuncio_back\u00bb _builder_version=\u00bb4.16&#8243; text_orientation=\u00bbcenter\u00bb max_width_tablet=\u00bb50px\u00bb custom_padding=\u00bb0px|0px|0px|0px\u00bb animation=\u00bbright\u00bb border_style=\u00bbsolid\u00bb global_colors_info=\u00bb{}\u00bb][\/et_pb_blurb][et_pb_blurb title=\u00bbMETALURGIA\u00bb url=\u00bbhttps:\/\/culturaydeporte.usfx.bo\/antropologico\/metalurgia\u00bb url_new_window=\u00bbon\u00bb image=\u00bbhttps:\/\/culturaydeporte.usfx.bo\/antropologico\/wp-content\/uploads\/2019\/07\/370.jpg\u00bb admin_label=\u00bbMETALURGIA\u00bb module_class=\u00bbarriba servicio_anuncio_back\u00bb _builder_version=\u00bb4.16&#8243; text_orientation=\u00bbcenter\u00bb max_width_tablet=\u00bb50px\u00bb custom_padding=\u00bb0px|0px|0px|0px\u00bb animation=\u00bbright\u00bb border_style=\u00bbsolid\u00bb global_colors_info=\u00bb{}\u00bb][\/et_pb_blurb][et_pb_blurb title=\u00bbMALACATES\u00bb url=\u00bbhttps:\/\/culturaydeporte.usfx.bo\/antropologico\/malacates\u00bb url_new_window=\u00bbon\u00bb image=\u00bbhttps:\/\/culturaydeporte.usfx.bo\/antropologico\/wp-content\/uploads\/2019\/07\/375.jpg\u00bb admin_label=\u00bbMALACATES\u00bb module_class=\u00bbarriba servicio_anuncio_back\u00bb _builder_version=\u00bb4.16&#8243; text_orientation=\u00bbcenter\u00bb max_width_tablet=\u00bb50px\u00bb custom_padding=\u00bb0px|0px|0px|0px\u00bb animation=\u00bbright\u00bb border_style=\u00bbsolid\u00bb global_colors_info=\u00bb{}\u00bb][\/et_pb_blurb][et_pb_blurb title=\u00bbINSTRUMENTOS MUSICALES\u00bb url=\u00bbhttps:\/\/culturaydeporte.usfx.bo\/antropologico\/instrumentos-musicales\u00bb url_new_window=\u00bbon\u00bb image=\u00bbhttps:\/\/culturaydeporte.usfx.bo\/antropologico\/wp-content\/uploads\/2019\/07\/387-400&#215;284.jpg\u00bb admin_label=\u00bbINSTRUMENTOS MUSICALES\u00bb module_class=\u00bbarriba servicio_anuncio_back\u00bb _builder_version=\u00bb4.16&#8243; text_orientation=\u00bbcenter\u00bb max_width_tablet=\u00bb50px\u00bb custom_padding=\u00bb0px|0px|0px|0px\u00bb animation=\u00bbright\u00bb border_style=\u00bbsolid\u00bb global_colors_info=\u00bb{}\u00bb][\/et_pb_blurb][\/et_pb_column][\/et_pb_row][\/et_pb_section]<\/p>\n","protected":false},"excerpt":{"rendered":"<p>ARMAS Y HERRAMIENTAS Se utilizaron diversos materiales para fabricar armas y herramientas: L\u00cdTICOS Piedras de diferentes tipos, calidad y durezas, generalmente obtenidas del entorno geogr\u00e1fico del grupo social correspondiente, aunque en algunos casos los materiales provienen de otras \u00e1reas geogr\u00e1ficas, posiblemente conseguidas por comercio u otras formas de apropiaci\u00f3n. La caracter\u00edstica del material, mayor dureza, [&hellip;]<\/p>\n","protected":false},"author":1,"featured_media":0,"parent":28724,"menu_order":0,"comment_status":"closed","ping_status":"closed","template":"","meta":{"_et_pb_use_builder":"on","_et_pb_old_content":"","_et_gb_content_width":"","footnotes":""},"class_list":["post-33414","page","type-page","status-publish","hentry"],"_links":{"self":[{"href":"https:\/\/culturaydeporte.usfx.bo\/antropologico\/wp-json\/wp\/v2\/pages\/33414","targetHints":{"allow":["GET"]}}],"collection":[{"href":"https:\/\/culturaydeporte.usfx.bo\/antropologico\/wp-json\/wp\/v2\/pages"}],"about":[{"href":"https:\/\/culturaydeporte.usfx.bo\/antropologico\/wp-json\/wp\/v2\/types\/page"}],"author":[{"embeddable":true,"href":"https:\/\/culturaydeporte.usfx.bo\/antropologico\/wp-json\/wp\/v2\/users\/1"}],"replies":[{"embeddable":true,"href":"https:\/\/culturaydeporte.usfx.bo\/antropologico\/wp-json\/wp\/v2\/comments?post=33414"}],"version-history":[{"count":2,"href":"https:\/\/culturaydeporte.usfx.bo\/antropologico\/wp-json\/wp\/v2\/pages\/33414\/revisions"}],"predecessor-version":[{"id":33880,"href":"https:\/\/culturaydeporte.usfx.bo\/antropologico\/wp-json\/wp\/v2\/pages\/33414\/revisions\/33880"}],"up":[{"embeddable":true,"href":"https:\/\/culturaydeporte.usfx.bo\/antropologico\/wp-json\/wp\/v2\/pages\/28724"}],"wp:attachment":[{"href":"https:\/\/culturaydeporte.usfx.bo\/antropologico\/wp-json\/wp\/v2\/media?parent=33414"}],"curies":[{"name":"wp","href":"https:\/\/api.w.org\/{rel}","templated":true}]}}