{"id":33447,"date":"2019-07-04T14:13:17","date_gmt":"2019-07-04T14:13:17","guid":{"rendered":"https:\/\/culturaydeporte.usfx.bo\/antropologico\/?page_id=33447"},"modified":"2025-09-02T19:02:22","modified_gmt":"2025-09-02T19:02:22","slug":"yura","status":"publish","type":"page","link":"https:\/\/culturaydeporte.usfx.bo\/antropologico\/principal\/cronologia-cultural\/yura\/","title":{"rendered":"YURA"},"content":{"rendered":"<p>[et_pb_section fb_built=\u00bb1&#8243; _builder_version=\u00bb4.16&#8243; background_color=\u00bb#000000&#8243; global_colors_info=\u00bb{}\u00bb][et_pb_row _builder_version=\u00bb4.16&#8243; global_colors_info=\u00bb{}\u00bb][et_pb_column type=\u00bb4_4&#8243; _builder_version=\u00bb4.16&#8243; custom_padding=\u00bb|||\u00bb global_colors_info=\u00bb{}\u00bb custom_padding__hover=\u00bb|||\u00bb][et_pb_text _builder_version=\u00bb4.16&#8243; text_text_color=\u00bb#000000&#8243; header_font=\u00bb|700|||||||\u00bb header_text_color=\u00bb#ffffff\u00bb header_font_size=\u00bb50px\u00bb text_orientation=\u00bbcenter\u00bb header_text_shadow_style=\u00bbpreset1&#8243; global_colors_info=\u00bb{}\u00bb]<\/p>\n<h1 style=\"text-align: center;\"><strong>YURA<\/strong><\/h1>\n<p>[\/et_pb_text][\/et_pb_column][\/et_pb_row][\/et_pb_section][et_pb_section fb_built=\u00bb1&#8243; _builder_version=\u00bb4.22.2&#8243; hover_enabled=\u00bb0&#8243; global_colors_info=\u00bb{}\u00bb background_enable_image=\u00bboff\u00bb background_color=\u00bbrgba(237,126,0,0.41)\u00bb sticky_enabled=\u00bb0&#8243;][et_pb_row _builder_version=\u00bb4.16&#8243; background_size=\u00bbinitial\u00bb background_position=\u00bbtop_left\u00bb background_repeat=\u00bbrepeat\u00bb global_colors_info=\u00bb{}\u00bb column_structure=\u00bb1_2,1_2&#8243;][et_pb_column type=\u00bb1_2&#8243; _builder_version=\u00bb4.16&#8243; custom_padding=\u00bb|||\u00bb global_colors_info=\u00bb{}\u00bb custom_padding__hover=\u00bb|||\u00bb][et_pb_blurb url=\u00bbhttps:\/\/culturaydeporte.usfx.bo\/antropologico\/wp-content\/uploads\/2019\/07\/278.jpg\u00bb url_new_window=\u00bbon\u00bb image=\u00bbhttps:\/\/culturaydeporte.usfx.bo\/antropologico\/wp-content\/uploads\/2019\/07\/278.jpg\u00bb admin_label=\u00bbYURA\u00bb module_class=\u00bbarriba servicio_anuncio_back\u00bb _builder_version=\u00bb4.16&#8243; text_orientation=\u00bbcenter\u00bb max_width_tablet=\u00bb50px\u00bb custom_padding=\u00bb0px|0px|0px|0px\u00bb animation=\u00bbright\u00bb border_style=\u00bbsolid\u00bb global_colors_info=\u00bb{}\u00bb][\/et_pb_blurb][\/et_pb_column][et_pb_column type=\u00bb1_2&#8243; _builder_version=\u00bb4.16&#8243; custom_padding=\u00bb|||\u00bb global_colors_info=\u00bb{}\u00bb custom_padding__hover=\u00bb|||\u00bb][et_pb_text _builder_version=\u00bb4.16&#8243; text_orientation=\u00bbjustified\u00bb global_colors_info=\u00bb{}\u00bb]<\/p>\n<h3><span style=\"color: #000000;\"><strong>Fase cronol\u00f3gica 300 d.C. al 1450 d.C.<\/strong><\/span><\/h3>\n<p><strong><span style=\"color: #000000;\">El nombre proviene del valle y rio Yura de la zona central del departamento de Potos\u00ed.<\/span><\/strong><br \/>\n<strong><span style=\"color: #000000;\">La alfarer\u00eda Yura, que es el exponente conocido m\u00e1s sobresaliente de este grupo cultural, presenta en general un a pasta con arcilla, granos de arena, cer\u00e1mica molida, s\u00edlice, mica y probablemente part\u00edculas de caol\u00edn, el espesor es variable de acuerdo a la vasija, van de 5 a 12 mm hasta de 3 a 5mm. La decoraci\u00f3n es escasa, dibujo geom\u00e9trico o lineal negro. Son conocidas tres variantes decorativas de esta cer\u00e1mica:<\/span><\/strong><br \/>\n[\/et_pb_text][\/et_pb_column][\/et_pb_row][et_pb_row _builder_version=\u00bb4.16&#8243; background_size=\u00bbinitial\u00bb background_position=\u00bbtop_left\u00bb background_repeat=\u00bbrepeat\u00bb global_colors_info=\u00bb{}\u00bb column_structure=\u00bb1_3,2_3&#8243;][et_pb_column type=\u00bb1_3&#8243; _builder_version=\u00bb4.16&#8243; custom_padding=\u00bb|||\u00bb global_colors_info=\u00bb{}\u00bb custom_padding__hover=\u00bb|||\u00bb][et_pb_blurb url=\u00bbhttps:\/\/culturaydeporte.usfx.bo\/antropologico\/wp-content\/uploads\/2019\/07\/280-400&#215;516-1.jpg\u00bb url_new_window=\u00bbon\u00bb image=\u00bbhttps:\/\/culturaydeporte.usfx.bo\/antropologico\/wp-content\/uploads\/2019\/07\/280-400&#215;516-1.jpg\u00bb admin_label=\u00bbYURA GEOM\u00c9TRICO\u00bb module_class=\u00bbarriba servicio_anuncio_back\u00bb _builder_version=\u00bb4.16&#8243; text_orientation=\u00bbcenter\u00bb max_width_tablet=\u00bb50px\u00bb custom_padding=\u00bb0px|0px|0px|0px\u00bb animation=\u00bbright\u00bb border_style=\u00bbsolid\u00bb global_colors_info=\u00bb{}\u00bb]<\/p>\n<h3><strong><span style=\"color: #000000;\">YURA GEOM\u00c9TRICO<\/span><\/strong><\/h3>\n<p>[\/et_pb_blurb][\/et_pb_column][et_pb_column type=\u00bb2_3&#8243; _builder_version=\u00bb4.16&#8243; custom_padding=\u00bb|||\u00bb global_colors_info=\u00bb{}\u00bb custom_padding__hover=\u00bb|||\u00bb][et_pb_text _builder_version=\u00bb4.16&#8243; text_orientation=\u00bbjustified\u00bb global_colors_info=\u00bb{}\u00bb]<strong><span style=\"color: #000000;\">YURA GEOM\u00c9TRICO: Presenta como motivos t\u00edpicos a dos grandes \u201cF\u201d estilizadas y l\u00edneas onduladas en forma de \u201cS\u201d alargada, dispuestas en forma repetitiva a lo largo de las paredes exteriores del cuerpo de la vasija.<\/span><\/strong><br \/>\n[\/et_pb_text][\/et_pb_column][\/et_pb_row][et_pb_row _builder_version=\u00bb4.16&#8243; background_size=\u00bbinitial\u00bb background_position=\u00bbtop_left\u00bb background_repeat=\u00bbrepeat\u00bb global_colors_info=\u00bb{}\u00bb column_structure=\u00bb1_3,2_3&#8243;][et_pb_column type=\u00bb1_3&#8243; _builder_version=\u00bb4.16&#8243; custom_padding=\u00bb|||\u00bb global_colors_info=\u00bb{}\u00bb custom_padding__hover=\u00bb|||\u00bb][et_pb_blurb url=\u00bbhttps:\/\/culturaydeporte.usfx.bo\/antropologico\/wp-content\/uploads\/2019\/07\/281.jpg\u00bb url_new_window=\u00bbon\u00bb image=\u00bbhttps:\/\/culturaydeporte.usfx.bo\/antropologico\/wp-content\/uploads\/2019\/07\/281.jpg\u00bb admin_label=\u00bbYURA POLIGONAL\u00bb module_class=\u00bbarriba servicio_anuncio_back\u00bb _builder_version=\u00bb4.16&#8243; text_orientation=\u00bbcenter\u00bb max_width_tablet=\u00bb50px\u00bb custom_padding=\u00bb0px|0px|0px|0px\u00bb animation=\u00bbright\u00bb border_style=\u00bbsolid\u00bb global_colors_info=\u00bb{}\u00bb]<\/p>\n<h3><strong><span style=\"color: #000000;\">YURA POLIGONAL<\/span><\/strong><\/h3>\n<p>[\/et_pb_blurb][\/et_pb_column][et_pb_column type=\u00bb2_3&#8243; _builder_version=\u00bb4.16&#8243; custom_padding=\u00bb|||\u00bb global_colors_info=\u00bb{}\u00bb custom_padding__hover=\u00bb|||\u00bb][et_pb_text _builder_version=\u00bb4.16&#8243; text_orientation=\u00bbjustified\u00bb global_colors_info=\u00bb{}\u00bb]<strong><span style=\"color: #000000;\">YURA POLIGONAL: Se caracteriza por llevar varios tri\u00e1ngulos en espiral con el \u00e1pice hacia arriba, suelen estar rellenos por l\u00edneas onduladas.<\/span><\/strong><br \/>\n[\/et_pb_text][\/et_pb_column][\/et_pb_row][et_pb_row _builder_version=\u00bb4.16&#8243; background_size=\u00bbinitial\u00bb background_position=\u00bbtop_left\u00bb background_repeat=\u00bbrepeat\u00bb global_colors_info=\u00bb{}\u00bb column_structure=\u00bb1_3,2_3&#8243;][et_pb_column type=\u00bb1_3&#8243; _builder_version=\u00bb4.16&#8243; custom_padding=\u00bb|||\u00bb global_colors_info=\u00bb{}\u00bb custom_padding__hover=\u00bb|||\u00bb][et_pb_blurb url=\u00bbhttps:\/\/culturaydeporte.usfx.bo\/antropologico\/wp-content\/uploads\/2019\/07\/279-510&#215;382-1.jpg\u00bb url_new_window=\u00bbon\u00bb image=\u00bbhttps:\/\/culturaydeporte.usfx.bo\/antropologico\/wp-content\/uploads\/2019\/07\/279-510&#215;382-1.jpg\u00bb admin_label=\u00bbYURA FOLI\u00c1CEO\u00bb module_class=\u00bbarriba servicio_anuncio_back\u00bb _builder_version=\u00bb4.16&#8243; text_orientation=\u00bbcenter\u00bb max_width_tablet=\u00bb50px\u00bb custom_padding=\u00bb0px|0px|0px|0px\u00bb animation=\u00bbright\u00bb border_style=\u00bbsolid\u00bb global_colors_info=\u00bb{}\u00bb]<\/p>\n<h3><strong><span style=\"color: #000000;\">YURA FOLI\u00c1CEO<\/span><\/strong><\/h3>\n<p>[\/et_pb_blurb][\/et_pb_column][et_pb_column type=\u00bb2_3&#8243; _builder_version=\u00bb4.16&#8243; custom_padding=\u00bb|||\u00bb global_colors_info=\u00bb{}\u00bb custom_padding__hover=\u00bb|||\u00bb][et_pb_text _builder_version=\u00bb4.16&#8243; text_orientation=\u00bbjustified\u00bb global_colors_info=\u00bb{}\u00bb]<strong><span style=\"color: #000000;\">YURA FOLI\u00c1CEO: Exhiben dibujos geom\u00e9tricos en forma de hojas conc\u00e9ntricas con una l\u00ednea interna o en espiral, pudiendo cerrarse en sus \u00e1ngulos y cortarse con una l\u00ednea hacia el otro extremo.<\/span><\/strong><br \/>\n[\/et_pb_text][\/et_pb_column][\/et_pb_row][\/et_pb_section]<\/p>\n","protected":false},"excerpt":{"rendered":"<p>YURA Fase cronol\u00f3gica 300 d.C. al 1450 d.C. El nombre proviene del valle y rio Yura de la zona central del departamento de Potos\u00ed. La alfarer\u00eda Yura, que es el exponente conocido m\u00e1s sobresaliente de este grupo cultural, presenta en general un a pasta con arcilla, granos de arena, cer\u00e1mica molida, s\u00edlice, mica y probablemente [&hellip;]<\/p>\n","protected":false},"author":1,"featured_media":0,"parent":33345,"menu_order":0,"comment_status":"closed","ping_status":"closed","template":"","meta":{"_et_pb_use_builder":"on","_et_pb_old_content":"","_et_gb_content_width":"","footnotes":""},"class_list":["post-33447","page","type-page","status-publish","hentry"],"_links":{"self":[{"href":"https:\/\/culturaydeporte.usfx.bo\/antropologico\/wp-json\/wp\/v2\/pages\/33447","targetHints":{"allow":["GET"]}}],"collection":[{"href":"https:\/\/culturaydeporte.usfx.bo\/antropologico\/wp-json\/wp\/v2\/pages"}],"about":[{"href":"https:\/\/culturaydeporte.usfx.bo\/antropologico\/wp-json\/wp\/v2\/types\/page"}],"author":[{"embeddable":true,"href":"https:\/\/culturaydeporte.usfx.bo\/antropologico\/wp-json\/wp\/v2\/users\/1"}],"replies":[{"embeddable":true,"href":"https:\/\/culturaydeporte.usfx.bo\/antropologico\/wp-json\/wp\/v2\/comments?post=33447"}],"version-history":[{"count":1,"href":"https:\/\/culturaydeporte.usfx.bo\/antropologico\/wp-json\/wp\/v2\/pages\/33447\/revisions"}],"predecessor-version":[{"id":33906,"href":"https:\/\/culturaydeporte.usfx.bo\/antropologico\/wp-json\/wp\/v2\/pages\/33447\/revisions\/33906"}],"up":[{"embeddable":true,"href":"https:\/\/culturaydeporte.usfx.bo\/antropologico\/wp-json\/wp\/v2\/pages\/33345"}],"wp:attachment":[{"href":"https:\/\/culturaydeporte.usfx.bo\/antropologico\/wp-json\/wp\/v2\/media?parent=33447"}],"curies":[{"name":"wp","href":"https:\/\/api.w.org\/{rel}","templated":true}]}}