{"id":33554,"date":"2019-07-08T15:49:49","date_gmt":"2019-07-08T15:49:49","guid":{"rendered":"https:\/\/culturaydeporte.usfx.bo\/antropologico\/?page_id=33554"},"modified":"2025-09-02T19:02:42","modified_gmt":"2025-09-02T19:02:42","slug":"entorno-geografico","status":"publish","type":"page","link":"https:\/\/culturaydeporte.usfx.bo\/antropologico\/principal\/entorno-geografico\/","title":{"rendered":"ENTORNO GEOGR\u00c1FICO"},"content":{"rendered":"<p>[et_pb_section fb_built=\u00bb1&#8243; _builder_version=\u00bb4.16&#8243; background_image=\u00bbhttps:\/\/culturaydeporte.usfx.bo\/antropologico\/wp-content\/uploads\/2019\/07\/329-400&#215;250.jpg\u00bb global_colors_info=\u00bb{}\u00bb][et_pb_row _builder_version=\u00bb4.16&#8243; global_colors_info=\u00bb{}\u00bb][et_pb_column type=\u00bb4_4&#8243; _builder_version=\u00bb4.16&#8243; custom_padding=\u00bb|||\u00bb global_colors_info=\u00bb{}\u00bb custom_padding__hover=\u00bb|||\u00bb][et_pb_text _builder_version=\u00bb4.16&#8243; text_text_color=\u00bb#000000&#8243; header_font=\u00bb|700|||||||\u00bb header_text_color=\u00bb#ffffff\u00bb header_font_size=\u00bb50px\u00bb text_orientation=\u00bbcenter\u00bb header_text_shadow_style=\u00bbpreset1&#8243; global_colors_info=\u00bb{}\u00bb]<\/p>\n<h1 style=\"text-align: center;\"><strong>ENTORNO GEOGR\u00c1FICO<\/strong><\/h1>\n<p>[\/et_pb_text][\/et_pb_column][\/et_pb_row][\/et_pb_section][et_pb_section fb_built=\u00bb1&#8243; _builder_version=\u00bb4.16&#8243; background_color=\u00bb#e5e5e5&#8243; global_colors_info=\u00bb{}\u00bb][et_pb_row _builder_version=\u00bb4.16&#8243; background_size=\u00bbinitial\u00bb background_position=\u00bbtop_left\u00bb background_repeat=\u00bbrepeat\u00bb global_colors_info=\u00bb{}\u00bb][et_pb_column type=\u00bb4_4&#8243; _builder_version=\u00bb4.16&#8243; custom_padding=\u00bb|||\u00bb global_colors_info=\u00bb{}\u00bb custom_padding__hover=\u00bb|||\u00bb][et_pb_text _builder_version=\u00bb4.16&#8243; text_orientation=\u00bbjustified\u00bb global_colors_info=\u00bb{}\u00bb]<\/p>\n<p style=\"text-align: center;\"><strong>EL AMBIENTE NATURAL DE CHUQUISACA<\/strong><\/p>\n<p>El Departamento de Chuquisaca est\u00e1 situado en el extremo este de la Cordillera Blanca y presenta tres entornos diferentes: la zona conocida como la subpuna o los valles (entre 2000 y 3700 m sobre el nivel del mar), la franja andino (entre 500 y 2.000 m), y el llanuras bajas y secos (entre 200 y 500 m). Debido a esta gran variaci\u00f3n de altitud Chuquisaca contiene muchos microclimas diferentes, a menudo en estrecha proximidad entre s\u00ed. Tales ambientes diversos ofrecen diversas oportunidades para su explotaci\u00f3n, sino tambi\u00e9n requieren diferentes formas de adaptaci\u00f3n, es probable que favorece el surgimiento de grupos culturales distintos.<br \/>\nDesafortunadamente, sin embargo, poco se sabe de la diversidad cultural en el departamento, como la investigaci\u00f3n arqueol\u00f3gica se ha concentrado en la zona del valle, dejando las otras zonas poco conocidos.<br \/>\n[\/et_pb_text][\/et_pb_column][\/et_pb_row][et_pb_row _builder_version=\u00bb4.16&#8243; background_size=\u00bbinitial\u00bb background_position=\u00bbtop_left\u00bb background_repeat=\u00bbrepeat\u00bb global_colors_info=\u00bb{}\u00bb column_structure=\u00bb1_4,1_2,1_4&#8243;][et_pb_column type=\u00bb1_4&#8243; _builder_version=\u00bb4.16&#8243; custom_padding=\u00bb|||\u00bb global_colors_info=\u00bb{}\u00bb custom_padding__hover=\u00bb|||\u00bb][\/et_pb_column][et_pb_column type=\u00bb1_2&#8243; _builder_version=\u00bb4.16&#8243; custom_padding=\u00bb|||\u00bb global_colors_info=\u00bb{}\u00bb custom_padding__hover=\u00bb|||\u00bb][et_pb_blurb url=\u00bbhttps:\/\/culturaydeporte.usfx.bo\/antropologico\/wp-content\/uploads\/2019\/07\/546.jpg\u00bb url_new_window=\u00bbon\u00bb image=\u00bbhttps:\/\/culturaydeporte.usfx.bo\/antropologico\/wp-content\/uploads\/2019\/07\/546.jpg\u00bb admin_label=\u00bb546&#8243; module_class=\u00bbarriba servicio_anuncio_back\u00bb _builder_version=\u00bb4.16&#8243; text_orientation=\u00bbcenter\u00bb max_width_tablet=\u00bb50px\u00bb custom_padding=\u00bb0px|0px|0px|0px\u00bb animation=\u00bbright\u00bb border_style=\u00bbsolid\u00bb global_colors_info=\u00bb{}\u00bb][\/et_pb_blurb][\/et_pb_column][et_pb_column type=\u00bb1_4&#8243; _builder_version=\u00bb4.16&#8243; custom_padding=\u00bb|||\u00bb global_colors_info=\u00bb{}\u00bb custom_padding__hover=\u00bb|||\u00bb][\/et_pb_column][\/et_pb_row][et_pb_row _builder_version=\u00bb4.16&#8243; background_size=\u00bbinitial\u00bb background_position=\u00bbtop_left\u00bb background_repeat=\u00bbrepeat\u00bb global_colors_info=\u00bb{}\u00bb][et_pb_column type=\u00bb4_4&#8243; _builder_version=\u00bb4.16&#8243; custom_padding=\u00bb|||\u00bb global_colors_info=\u00bb{}\u00bb custom_padding__hover=\u00bb|||\u00bb][et_pb_text _builder_version=\u00bb4.16&#8243; text_orientation=\u00bbjustified\u00bb global_colors_info=\u00bb{}\u00bb]El paisaje Chuquisaca es muy diferente de la del altiplano vecino; los 800 km de largo cuenca en la que se encuentra el lago Titicaca (4000-4500m). Estas amplias llanuras fueron habitadas desde el principio y eran un centro para la domesticaci\u00f3n de plantas de gran altitud, tales como patatas y quinoa (un grano crecido a gran altura). La domesticaci\u00f3n de animales, tales como llamas y alpacas, los miembros de la familia de los cam\u00e9lidos de Am\u00e9rica, hizo lo mismo. Otras innovaciones tempranas del altiplano incluyen la introducci\u00f3n de la cer\u00e1mica y la metalurgia. Gran parte del terreno de Chuquisaca, por otro lado consta de crestas y colinas de la monta\u00f1a, separadas por r\u00edos y arroyos, dejando s\u00f3lo peque\u00f1as bolsas de tierras aptas para la agricultura. Asentamientos en este entorno eran escasos y de dimensiones modestas. El exceso de la producci\u00f3n agr\u00edcola era limitado, que ofrece pocas posibilidades de especializaci\u00f3n y desarrollo tecnol\u00f3gico. Lugares en el que tuvo lugar y culturas complejas tales desarrollos florecieron tienden a estar situado en lugares con relativamente amplias oportunidades para la agricultura y la cr\u00eda de animales, tales como:<\/p>\n<p>\u2022 Las tierras bajas de Yampar\u00e1ez y Tarabuco, donde se encuentran los asentamientos Yampara importantes.<\/p>\n<p>\u2022 La llanura de la Pampa, donde floreci\u00f3 la cultura Mojocoya.<\/p>\n<p>\u2022 Las tierras bajas de Sopachuy y Carmen lo largo del r\u00edo Milanis, donde los incas construyeron numerosos asentamientos y colcas (estructuras de almacenamiento para la ropa, armas y productos agr\u00edcolas).<\/p>\n<p>\u2022 El cr\u00e1ter volc\u00e1nico de Maragua, que actu\u00f3 como un importante centro prehisp\u00e1nico, actualmente bajo investigaci\u00f3n por la CIAR.<br \/>\n[\/et_pb_text][\/et_pb_column][\/et_pb_row][et_pb_row _builder_version=\u00bb4.16&#8243; background_size=\u00bbinitial\u00bb background_position=\u00bbtop_left\u00bb background_repeat=\u00bbrepeat\u00bb global_colors_info=\u00bb{}\u00bb column_structure=\u00bb1_3,1_3,1_3&#8243;][et_pb_column type=\u00bb1_3&#8243; _builder_version=\u00bb4.16&#8243; custom_padding=\u00bb|||\u00bb global_colors_info=\u00bb{}\u00bb custom_padding__hover=\u00bb|||\u00bb][et_pb_blurb url=\u00bbhttps:\/\/culturaydeporte.usfx.bo\/antropologico\/wp-content\/uploads\/2019\/07\/506.jpg\u00bb url_new_window=\u00bbon\u00bb image=\u00bbhttps:\/\/culturaydeporte.usfx.bo\/antropologico\/wp-content\/uploads\/2019\/07\/506.jpg\u00bb admin_label=\u00bb506&#8243; module_class=\u00bbarriba servicio_anuncio_back\u00bb _builder_version=\u00bb4.16&#8243; text_orientation=\u00bbcenter\u00bb max_width_tablet=\u00bb50px\u00bb custom_padding=\u00bb0px|0px|0px|0px\u00bb animation=\u00bbright\u00bb border_style=\u00bbsolid\u00bb global_colors_info=\u00bb{}\u00bb][\/et_pb_blurb][\/et_pb_column][et_pb_column type=\u00bb1_3&#8243; _builder_version=\u00bb4.16&#8243; custom_padding=\u00bb|||\u00bb global_colors_info=\u00bb{}\u00bb custom_padding__hover=\u00bb|||\u00bb][et_pb_blurb url=\u00bbhttps:\/\/culturaydeporte.usfx.bo\/antropologico\/wp-content\/uploads\/2019\/07\/507.jpg\u00bb url_new_window=\u00bbon\u00bb image=\u00bbhttps:\/\/culturaydeporte.usfx.bo\/antropologico\/wp-content\/uploads\/2019\/07\/507.jpg\u00bb admin_label=\u00bb507&#8243; module_class=\u00bbarriba servicio_anuncio_back\u00bb _builder_version=\u00bb4.16&#8243; text_orientation=\u00bbcenter\u00bb max_width_tablet=\u00bb50px\u00bb custom_padding=\u00bb0px|0px|0px|0px\u00bb animation=\u00bbright\u00bb border_style=\u00bbsolid\u00bb global_colors_info=\u00bb{}\u00bb][\/et_pb_blurb][\/et_pb_column][et_pb_column type=\u00bb1_3&#8243; _builder_version=\u00bb4.16&#8243; custom_padding=\u00bb|||\u00bb global_colors_info=\u00bb{}\u00bb custom_padding__hover=\u00bb|||\u00bb][et_pb_blurb url=\u00bbhttps:\/\/culturaydeporte.usfx.bo\/antropologico\/wp-content\/uploads\/2019\/07\/508.jpg\u00bb url_new_window=\u00bbon\u00bb image=\u00bbhttps:\/\/culturaydeporte.usfx.bo\/antropologico\/wp-content\/uploads\/2019\/07\/508.jpg\u00bb admin_label=\u00bb508&#8243; module_class=\u00bbarriba servicio_anuncio_back\u00bb _builder_version=\u00bb4.16&#8243; text_orientation=\u00bbcenter\u00bb max_width_tablet=\u00bb50px\u00bb custom_padding=\u00bb0px|0px|0px|0px\u00bb animation=\u00bbright\u00bb border_style=\u00bbsolid\u00bb global_colors_info=\u00bb{}\u00bb][\/et_pb_blurb][\/et_pb_column][\/et_pb_row][\/et_pb_section]<\/p>\n","protected":false},"excerpt":{"rendered":"<p>ENTORNO GEOGR\u00c1FICO EL AMBIENTE NATURAL DE CHUQUISACA El Departamento de Chuquisaca est\u00e1 situado en el extremo este de la Cordillera Blanca y presenta tres entornos diferentes: la zona conocida como la subpuna o los valles (entre 2000 y 3700 m sobre el nivel del mar), la franja andino (entre 500 y 2.000 m), y el [&hellip;]<\/p>\n","protected":false},"author":1,"featured_media":0,"parent":28724,"menu_order":0,"comment_status":"closed","ping_status":"closed","template":"","meta":{"_et_pb_use_builder":"on","_et_pb_old_content":"","_et_gb_content_width":"","footnotes":""},"class_list":["post-33554","page","type-page","status-publish","hentry"],"_links":{"self":[{"href":"https:\/\/culturaydeporte.usfx.bo\/antropologico\/wp-json\/wp\/v2\/pages\/33554","targetHints":{"allow":["GET"]}}],"collection":[{"href":"https:\/\/culturaydeporte.usfx.bo\/antropologico\/wp-json\/wp\/v2\/pages"}],"about":[{"href":"https:\/\/culturaydeporte.usfx.bo\/antropologico\/wp-json\/wp\/v2\/types\/page"}],"author":[{"embeddable":true,"href":"https:\/\/culturaydeporte.usfx.bo\/antropologico\/wp-json\/wp\/v2\/users\/1"}],"replies":[{"embeddable":true,"href":"https:\/\/culturaydeporte.usfx.bo\/antropologico\/wp-json\/wp\/v2\/comments?post=33554"}],"version-history":[{"count":1,"href":"https:\/\/culturaydeporte.usfx.bo\/antropologico\/wp-json\/wp\/v2\/pages\/33554\/revisions"}],"predecessor-version":[{"id":33909,"href":"https:\/\/culturaydeporte.usfx.bo\/antropologico\/wp-json\/wp\/v2\/pages\/33554\/revisions\/33909"}],"up":[{"embeddable":true,"href":"https:\/\/culturaydeporte.usfx.bo\/antropologico\/wp-json\/wp\/v2\/pages\/28724"}],"wp:attachment":[{"href":"https:\/\/culturaydeporte.usfx.bo\/antropologico\/wp-json\/wp\/v2\/media?parent=33554"}],"curies":[{"name":"wp","href":"https:\/\/api.w.org\/{rel}","templated":true}]}}