{"id":33387,"date":"2019-07-10T13:53:25","date_gmt":"2019-07-10T13:53:25","guid":{"rendered":"https:\/\/culturaydeporte.usfx.bo\/centrodocumental\/?page_id=33387"},"modified":"2019-07-10T19:20:52","modified_gmt":"2019-07-10T19:20:52","slug":"resena-biografica","status":"publish","type":"page","link":"https:\/\/culturaydeporte.usfx.bo\/centrodocumental\/resena-biografica\/","title":{"rendered":"Rese\u00f1a Biogr\u00e1fica"},"content":{"rendered":"<p>[et_pb_section bb_built=\u00bb1&#8243; admin_label=\u00bbHero Section\u00bb _builder_version=\u00bb3.17.2&#8243; custom_padding=\u00bb0|0px|0px|0px\u00bb custom_margin=\u00bb0px|||\u00bb background_image=\u00bbhttps:\/\/culturaydeporte.usfx.bo\/centrodocumental\/wp-content\/uploads\/2019\/07\/libros.jpg\u00bb background_color_gradient_start=\u00bbrgba(18,18,18,0.5)\u00bb background_color_gradient_end=\u00bb#000000&#8243; next_background_color=\u00bb#ffffff\u00bb][et_pb_row width_unit=\u00bboff\u00bb custom_width_percent=\u00bb100%\u00bb custom_padding=\u00bb0px||0px|\u00bb custom_margin=\u00bb0px|||\u00bb make_equal=\u00bbon\u00bb padding_top_1=\u00bb100px\u00bb padding_bottom_1=\u00bb100px\u00bb background_color_gradient_start_1=\u00bbrgba(18,18,18,0.5)\u00bb background_color_gradient_start_2=\u00bbrgba(18,18,18,0.5)\u00bb background_color_gradient_end_1=\u00bb#121212&#8243; background_color_gradient_end_2=\u00bb#121212&#8243; background_color_gradient_overlays_image_1=\u00bbon\u00bb background_color_gradient_overlays_image_2=\u00bbon\u00bb padding_1_tablet=\u00bb60px||60px|\u00bb padding_1_last_edited=\u00bbon|desktop\u00bb padding_2_last_edited=\u00bbon|desktop\u00bb _builder_version=\u00bb3.17.2&#8243; use_custom_gutter=\u00bbon\u00bb gutter_width=\u00bb1&#8243; make_fullwidth=\u00bbon\u00bb][et_pb_column type=\u00bb1_3&#8243;][et_pb_gallery _builder_version=\u00bb3.17.2&#8243; gallery_ids=\u00bb33412,33413,33414&#8243; show_title_and_caption=\u00bboff\u00bb show_pagination=\u00bboff\u00bb fullwidth=\u00bbon\u00bb zoom_icon_color=\u00bb#2ea3f2&#8243; hover_overlay_color=\u00bbrgba(255,255,255,0.9)\u00bb module_alignment=\u00bbcenter\u00bb custom_margin=\u00bb|||20%\u00bb custom_margin_tablet=\u00bb|10%||10%\u00bb custom_margin_last_edited=\u00bbon|phone\u00bb auto=\u00bbon\u00bb auto_speed=\u00bb3000&#8243; max_width=\u00bb78%\u00bb max_width_tablet=\u00bb60%\u00bb max_width_phone=\u00bb100%\u00bb max_width_last_edited=\u00bbon|phone\u00bb box_shadow_style=\u00bbpreset3&#8243; animation_style=\u00bbslide\u00bb animation_direction=\u00bbright\u00bb animation_intensity_slide=\u00bb4%\u00bb animation_starting_opacity=\u00bb50%\u00bb \/][\/et_pb_column][et_pb_column type=\u00bb2_3&#8243;][et_pb_text admin_label=\u00bbHistoria Institucional\/Rese\u00f1a Biogr\u00e1fica\u00bb _builder_version=\u00bb3.17.2&#8243; text_font=\u00bb|700||on|||||\u00bb text_font_size=\u00bb38px\u00bb text_text_color=\u00bbrgba(255,255,255,0.99)\u00bb text_font_size_last_edited=\u00bbon|desktop\u00bb header_font_size=\u00bb24px\u00bb header_line_height=\u00bb1.8em\u00bb text_line_height=\u00bb1.8em\u00bb text_orientation=\u00bbcenter\u00bb header_text_align=\u00bbcenter\u00bb]<\/p>\n<p>Historia Institucional\/Rese\u00f1a Biogr\u00e1fica<\/p>\n<p>[\/et_pb_text][\/et_pb_column][\/et_pb_row][\/et_pb_section][et_pb_section bb_built=\u00bb1&#8243; fullwidth=\u00bboff\u00bb specialty=\u00bboff\u00bb prev_background_color=\u00bb#000000&#8243;][et_pb_row][et_pb_column type=\u00bb4_4&#8243;][et_pb_text _builder_version=\u00bb3.17.2&#8243; header_text_align=\u00bbjustify\u00bb header_4_text_align=\u00bbjustify\u00bb text_orientation=\u00bbjustified\u00bb header_5_text_color=\u00bb#000000&#8243; header_5_line_height=\u00bb1.8em\u00bb]<\/p>\n<h5>Dependiente de la Universidad Mayor Real y Pontificia de San Francisco Xavier de Chuquisaca, fue fundado el 27 de marzo de 1981 gracias al esfuerzo de la Dra. Mar\u00eda del Carmen de la R\u00faa (+1996) primera directora y al apoyo del Rector J. Zamora Hern\u00e1ndez (desde 1986 utiliza el t\u00edtulo simplificado de &#8216;Centro Documental Hist\u00f3rico San Francisco Xavier&#8217;), que en principio funcion\u00f3 en dependencias de la Facultad de Derecho (1981-1995), posteriormente en la Facultad de Agronom\u00eda (1996-1998) y finalmente se ubic\u00f3 en las dependencias del Ex-Banco Agr\u00edcola (Aniceto Arce N\u00ba 36).<br \/>\nNacido para conservar s\u00f3lo la documentaci\u00f3n universitaria (conservada s\u00f3lo a partir de la segunda mitad del s. XIX, con la excepci\u00f3n de los libros de actas de la Academia de Practicantes Juristas entre 1782 y 1863), posteriormente ampli\u00f3 sus intereses a los fondos departamentales y locales de Chuquisaca. Ha venido sufriendo de inestabilidad en su infraestructura f\u00edsica, peregrinado por diversos inmuebles universitarios.<br \/>\nDesde 1981 el Centro bibliogr\u00e1fico Documental e Hist\u00f3rico, se constituye como uno de los m\u00e1s importantes repositorios que resguarda documentos hist\u00f3ricos, que relatan fundamentalmente facetas de nuestra ciudad y de nuestra regi\u00f3n como tambi\u00e9n de hitos hist\u00f3ricos de nuestro pa\u00eds.<\/p>\n<p>Este repositorio tiene entre sus misiones principales, el de rescatar y conservar documentos hist\u00f3ricos de los diferentes municipios y como de instituciones del departamento convirti\u00e9ndose en un archivo regional.<\/p>\n<p>A pesar de las limitaciones, el centro brinda atenci\u00f3n de calidad a los usuarios que principalmente son investigadores nacionales e internacionales ya que cuenta con toda la documentaci\u00f3n ordenada, clasificada y conservada lo que hace que cualquier consulta por los visitantes es satisfecha.<\/p>\n<p>Entre sus principales acciones de nuestro Archivo Hist\u00f3rico, es de generar los mecanismos necesarios que permitan el desarrollo de una conciencia colectiva acerca de la importancia de la recuperaci\u00f3n y conservaci\u00f3n del patrimonio documental hist\u00f3rico boliviano, mediante las publicaciones orientadoras y did\u00e1cticas con este fin; de la misma manera con su presencia en exposiciones, paneles o foros donde expone el valor hist\u00f3rico de la memoria colectiva de esta sociedad.<\/h5>\n<h1><strong>OBJETIVOS:<\/strong><\/h1>\n<h5>-Recoger, conservar, organizar y socializar documentaci\u00f3n como parte de la memoria y patrimonio hist\u00f3rico, de manera que perdure y sea accesible en el tiempo.<br \/>\n-Contribuir al conocimiento de la historia nacional, departamental y universitaria a trav\u00e9s de la investigaci\u00f3n cient\u00edfica de la historia y su difusi\u00f3n.<\/p>\n<p>-Motivar, impulsar, profundizar el desarrollo de la investigaci\u00f3n hist\u00f3rica cient\u00edfica para coadyuvar en el proceso de desarrollo socio-econ\u00f3mico-cultural de la naci\u00f3n.<\/p>\n<p>-Rescatar, clasificar, describir, accesibilizar y resguardar la informaci\u00f3n documental del Departamento.<\/h5>\n<h1><strong>FUNCIONES ADMINISTRATIVAS<\/strong><\/h1>\n<h5>-Administrativas: clasificaci\u00f3n, catalogaci\u00f3n, ordenamiento de la documentaci\u00f3n.<br \/>\n-Investigativas: de procesamiento cient\u00edfico de la informaci\u00f3n documental.<\/p>\n<p>-Extensivas: de comunicaci\u00f3n y difusi\u00f3n.<\/p>\n<p>-Acad\u00e9micas: de apoyo a las labores pedag\u00f3gicas y requerimientos educativo-formativos de los estudiantes en general.<\/p>\n<p>A partir de estos objetivos y funciones, este Archivo Hist\u00f3rico busca los mecanismos necesarios que permitan el desarrollo de una conciencia colectiva acerca de la importancia de la recuperaci\u00f3n y conservaci\u00f3n del patrimonio documental hist\u00f3rico boliviano, mediante las publicaciones orientadoras y did\u00e1cticas con este fin; de la misma manera con su presencia en exposiciones, paneles o foros donde expone el valor hist\u00f3rico de la memoria colectiva de esta sociedad<\/h5>\n<p>[\/et_pb_text][\/et_pb_column][\/et_pb_row][\/et_pb_section]<\/p>\n","protected":false},"excerpt":{"rendered":"<p>Historia Institucional\/Rese\u00f1a Biogr\u00e1fica <\/p>\n<div class=\"et_pb_row et_pb_row_0 et_pb_row_empty\"><\/div>\n<p> Dependiente de la Universidad Mayor Real y Pontificia de San Francisco Xavier de Chuquisaca, fue fundado el 27 de marzo de 1981 gracias al esfuerzo de la Dra. Mar\u00eda del Carmen de la R\u00faa (+1996) primera directora y al apoyo del Rector J. Zamora Hern\u00e1ndez (desde 1986 utiliza el t\u00edtulo simplificado [&hellip;]<\/p>\n","protected":false},"author":1,"featured_media":0,"parent":0,"menu_order":0,"comment_status":"closed","ping_status":"closed","template":"","meta":{"_et_pb_use_builder":"on","_et_pb_old_content":"","_et_gb_content_width":"","footnotes":""},"class_list":["post-33387","page","type-page","status-publish","hentry"],"_links":{"self":[{"href":"https:\/\/culturaydeporte.usfx.bo\/centrodocumental\/wp-json\/wp\/v2\/pages\/33387","targetHints":{"allow":["GET"]}}],"collection":[{"href":"https:\/\/culturaydeporte.usfx.bo\/centrodocumental\/wp-json\/wp\/v2\/pages"}],"about":[{"href":"https:\/\/culturaydeporte.usfx.bo\/centrodocumental\/wp-json\/wp\/v2\/types\/page"}],"author":[{"embeddable":true,"href":"https:\/\/culturaydeporte.usfx.bo\/centrodocumental\/wp-json\/wp\/v2\/users\/1"}],"replies":[{"embeddable":true,"href":"https:\/\/culturaydeporte.usfx.bo\/centrodocumental\/wp-json\/wp\/v2\/comments?post=33387"}],"version-history":[{"count":0,"href":"https:\/\/culturaydeporte.usfx.bo\/centrodocumental\/wp-json\/wp\/v2\/pages\/33387\/revisions"}],"wp:attachment":[{"href":"https:\/\/culturaydeporte.usfx.bo\/centrodocumental\/wp-json\/wp\/v2\/media?parent=33387"}],"curies":[{"name":"wp","href":"https:\/\/api.w.org\/{rel}","templated":true}]}}