{"id":33389,"date":"2019-07-10T13:55:28","date_gmt":"2019-07-10T13:55:28","guid":{"rendered":"https:\/\/culturaydeporte.usfx.bo\/centrodocumental\/?page_id=33389"},"modified":"2025-09-02T21:47:00","modified_gmt":"2025-09-02T21:47:00","slug":"historia-del-edificio","status":"publish","type":"page","link":"https:\/\/culturaydeporte.usfx.bo\/centrodocumental\/historia-del-edificio\/","title":{"rendered":"Historia del Edificio"},"content":{"rendered":"<p>[et_pb_section fb_built=\u00bb1&#8243; admin_label=\u00bbHero Section\u00bb _builder_version=\u00bb4.22.2&#8243; background_color_gradient_start=\u00bbrgba(18,18,18,0.5)\u00bb background_color_gradient_end=\u00bb#000000&#8243; custom_margin=\u00bb0px|||\u00bb custom_padding=\u00bb0|0px|0px|0px\u00bb hover_enabled=\u00bb0&#8243; global_colors_info=\u00bb{}\u00bb background_enable_image=\u00bboff\u00bb background_color=\u00bb#a0a0a0&#8243; sticky_enabled=\u00bb0&#8243;][et_pb_row use_custom_gutter=\u00bbon\u00bb gutter_width=\u00bb1&#8243; make_equal=\u00bbon\u00bb module_class=\u00bb et_pb_row_fullwidth\u00bb _builder_version=\u00bb4.16&#8243; width=\u00bb100%\u00bb width_tablet=\u00bb100%\u00bb width_last_edited=\u00bbon|desktop\u00bb max_width=\u00bb100%\u00bb max_width_tablet=\u00bb100%\u00bb max_width_last_edited=\u00bbon|desktop\u00bb custom_margin=\u00bb0px|||\u00bb custom_padding=\u00bb0px||0px|\u00bb make_fullwidth=\u00bbon\u00bb width_unit=\u00bboff\u00bb custom_width_percent=\u00bb100%\u00bb global_colors_info=\u00bb{}\u00bb width_phone=\u00bb100%\u00bb max_width_phone=\u00bb100%\u00bb][et_pb_column type=\u00bb4_4&#8243; _builder_version=\u00bb4.16&#8243; background_color_gradient_start=\u00bbrgba(18,18,18,0.5)\u00bb background_color_gradient_end=\u00bb#121212&#8243; custom_padding=\u00bb100px||100px|\u00bb custom_padding_tablet=\u00bb60px||60px|\u00bb custom_padding_last_edited=\u00bbon|desktop\u00bb global_colors_info=\u00bb{}\u00bb custom_padding__hover=\u00bb|||\u00bb custom_padding_phone=\u00bb60px||60px|\u00bb][et_pb_text admin_label=\u00bbNuestra Historia\u00bb _builder_version=\u00bb4.22.2&#8243; text_font=\u00bb|700||on|||||\u00bb text_text_color=\u00bb#494949&#8243; text_font_size=\u00bb38px\u00bb text_line_height=\u00bb1.8em\u00bb header_font_size=\u00bb24px\u00bb header_line_height=\u00bb1.8em\u00bb text_orientation=\u00bbcenter\u00bb hover_enabled=\u00bb0&#8243; text_font_size_tablet=\u00bb\u00bb text_font_size_phone=\u00bb\u00bb text_font_size_last_edited=\u00bbon|desktop\u00bb global_colors_info=\u00bb{}\u00bb sticky_enabled=\u00bb0&#8243;]<\/p>\n<p style=\"text-align: center\">ANTECEDENTES HIST\u00d3RICOS DEL EDIFICIO DE LA CALLE CALVO # 46<\/p>\n<p>[\/et_pb_text][\/et_pb_column][\/et_pb_row][\/et_pb_section][et_pb_section fb_built=\u00bb1&#8243; _builder_version=\u00bb4.16&#8243; global_colors_info=\u00bb{}\u00bb][et_pb_row _builder_version=\u00bb4.16&#8243; background_size=\u00bbinitial\u00bb background_position=\u00bbtop_left\u00bb background_repeat=\u00bbrepeat\u00bb global_colors_info=\u00bb{}\u00bb][et_pb_column type=\u00bb4_4&#8243; _builder_version=\u00bb4.16&#8243; custom_padding=\u00bb|||\u00bb global_colors_info=\u00bb{}\u00bb custom_padding__hover=\u00bb|||\u00bb][et_pb_gallery gallery_ids=\u00bb33416,33417,33418,33419,33420&#8243; fullwidth=\u00bbon\u00bb _builder_version=\u00bb4.22.2&#8243; max_width=\u00bb65%\u00bb max_width_tablet=\u00bb60%\u00bb max_width_phone=\u00bb100%\u00bb max_width_last_edited=\u00bbon|phone\u00bb module_alignment=\u00bbcenter\u00bb custom_margin=\u00bb|||20%\u00bb custom_margin_tablet=\u00bb|10%||10%\u00bb custom_margin_phone=\u00bb\u00bb custom_margin_last_edited=\u00bbon|phone\u00bb animation_style=\u00bbslide\u00bb animation_direction=\u00bbright\u00bb animation_intensity_slide=\u00bb4%\u00bb animation_starting_opacity=\u00bb50%\u00bb auto=\u00bbon\u00bb auto_speed=\u00bb3000&#8243; hover_enabled=\u00bb0&#8243; box_shadow_style=\u00bbpreset3&#8243; global_colors_info=\u00bb{}\u00bb sticky_enabled=\u00bb0&#8243;][\/et_pb_gallery][et_pb_text _builder_version=\u00bb4.16&#8243; header_text_align=\u00bbjustify\u00bb text_orientation=\u00bbjustified\u00bb global_colors_info=\u00bb{}\u00bb]<\/p>\n<h1><strong>OFICINAS DEL CENTRO BIBLIOGR\u00c1FICO DOCUMENTAL HIST\u00d3RICO<\/strong><\/h1>\n<p>El documento de fundaci\u00f3n de la Villa de La Plata presentado por Roberto Querejazu Calvo indica que la primera repartici\u00f3n de solares contemplaba ocho predios emplazados alrededor de la Plaza Mayor. Considerando que cada solar formaba la cuarta parte de una manzana, es de suponer que el actual predio en el que se emplaza el Centro Bibliogr\u00e1fico Documental Hist\u00f3rico formaba parte de uno de los principales solares que fueron adjudicados por Pedro Anzures. En el plano de interpretaci\u00f3n documental de los siglos XVI y XVII que presentan los autores De Mesa y Gisbert se muestra la zona norte de la plaza como el sector de mayor ocupaci\u00f3n ind\u00edgena, donde una persona denominada Francisco Palin (?) tendr\u00eda sus dependencias ocupando gran parte de la manzana en la que se emplaza actualmente el Centro Bibliogr\u00e1fico Documental Hist\u00f3rico llegando a ser propietario del terreno en el que posteriormente se construir\u00eda el edificio. Durante los siguientes dos siglos el inmueble paso a ser posesi\u00f3n de diferentes propietarios mediante transacciones comerciales y sucesi\u00f3n hereditaria. En el archivo de la Universidad existe documentaci\u00f3n sobre los propietarios de este inmueble a partir de 1820 hasta la actualidad.<\/p>\n<h1><strong>Documentaci\u00f3n existente en los t\u00edtulos de propiedad de 1820-2000 del Archivo del Instituto de Sociolog\u00eda Boliviana de la U. M. R. P. S. F. X. Ch.:<\/strong><\/h1>\n<h1>19 de julio de 1820.<\/h1>\n<p>\u201cPrimer propietario el Tte. Coronel Joaqu\u00edn Prudencio P\u00e9rez, quien por deudas a trav\u00e9s de juicio ejecutivo pierde su derecho propietario, realiz\u00e1ndose la venta del inmueble mediante remate p\u00fablico ante el escribano Tom\u00e1s Delgadillo. Los compradores fueron don Mariano Ortiz y do\u00f1a Eulalia Porcel\u201d.<\/p>\n<h1>29 de octubre de 1842.<\/h1>\n<p>\u201cTras la muerte de los esposos don Mariano Ortiz y do\u00f1a Eulalia Porcel, el albacea Can\u00f3nigo Doctor don Jos\u00e9 de Liendo procede a la venta de la vivienda en fecha 2 de diciembre del mismo a\u00f1o, la cual estaba hipotecada por deudas contra\u00eddas por los finados esposos. Los nuevos propietarios son el Cnl. Jos\u00e9 Manuel Gonzales y do\u00f1a Mar\u00eda Ondarza\u201d.<\/p>\n<h1>29 de mayo de 1855.<\/h1>\n<p>\u201cTras el fallecimiento del Cnel. Jos\u00e9 Manuel Gonzales, do\u00f1a Mar\u00eda Ondarza Vda. De Gonzales encontr\u00e1ndose muy delicada de salud deja como \u201cDonaci\u00f3n Intervivos\u201d mediante testamento realizado por el Notario Jos\u00e9 Mar\u00eda Paravicini, el derecho propietario de la vivienda a su hija adoptiva Mar\u00eda Anacleta Gonzales y a su esposo Dr. Ferm\u00edn Barrientos\u201d.<\/p>\n<h1>21 de marzo de 1874.<\/h1>\n<p>\u201cAnte el notario Jos\u00e9 Mar\u00eda Paravicini, do\u00f1a Anacleta Gonzales con la respectiva licencia de su esposo el Dr. Ferm\u00edn Barrientos, realiza la venta de la vivienda a don Manuel Argando\u00f1a y do\u00f1a Amalia Arce\u201d.<\/p>\n<h1>10 de agosto de 1908.<\/h1>\n<p>\u201cAnte el Notario de 1ra clase Valent\u00edn Navarro, don Manuel Argando\u00f1a otorga poder especial a su hijo don F\u00e9lix Argando\u00f1a para que represente judicialmente a la familia compuesta por diez hermanos\u201d.<\/p>\n<h1>4 de abril de 1936.<\/h1>\n<p>\u201cAnte el Notario M\u00e1ximo Torres, el Sr. F\u00e9lix Argando\u00f1a por s\u00ed y por todos sus coherederos a m\u00e9rito de la autorizaci\u00f3n dada por sus nueve hermanos, realiza la venta del inmueble al Dr. Rom\u00e1n Rivera\u201d.<\/p>\n<h1>26 de octubre de 1949.<\/h1>\n<p>\u201cAnte el Notario de Fe P\u00fablica de la Capital. Sr. Rogelio Poppe el Dr. Rom\u00e1n Rivera efect\u00faa la venta del inmueble debido a deudas contra\u00eddas del Banco Nacional de Bolivia al Banco Agr\u00edcola de Bolivia\u201d. En los t\u00edtulos de propiedad del Banco Agr\u00edcola existentes en el Archivo Universitario (folio 600 y 601 del libro auxiliar de aval\u00faos en el legajo de t\u00edtulos de propiedad de Banco Agr\u00edcola de Bolivia), se encuentran los siguientes documentos descriptivos del inmueble en los a\u00f1os 1820 y 1842:<\/p>\n<h1>A\u00d1O 1820<\/h1>\n<p>\u201cEn la ciudad de La Plata en nueve d\u00edas del mes de agosto de mil ochocientos veinte a\u00f1os, en cumplimiento del Decreto que antecede se pasa a la tasaci\u00f3n de la casa que se halla situada en el barrio de la calle San Francisco por el Escribano Tadeo Lora y Tom\u00e1s Poveda General de la ciudad, quienes describen la vivienda de la siguiente manera\u201d: \u201cEl inmueble de la calle \u201cCort\u00e9s\u201d barrio de San Francisco, n\u00famero ocho, diez y doce cuenta con una fachada de frente de veintiuno y medio varas y el fondo de setenta y seis y medio varas, que se compone de ochenta y ocho varas en cuadrilonga. Tiene cuatro tiendas, la construcci\u00f3n es de ladrillo y cal, el techo es entablado, piso enladrillado\u201d. \u201cLa portada principal es cal y ladrillo con cimientos de piedra labrada, el zagu\u00e1n de cuatro huecos tiene piso de ladrillo, techo entablado, las puertas son talladas\u201d. \u201cLa vivienda principal est\u00e1 compuesta de una sala, dormitorio y gabinete, tiene otras tres piezas con tumbadillo y otras dos con techo entablado\u201d. \u201cEn el patio un cuarto de tres huecos, techo de tumbadillo, piso enladrillado, ventana tallada, al patio dos puertas con la del pasadizo al dormitorio. Otro cuarto chico y angosto de una y media mano de hueco, techo de ca\u00f1a, madera ordinaria, piso enladrillado por trechos, puerta de dos manos\u201d. \u201cEl zagu\u00e1n que comunica al segundo patio tiene dos cuartitos angostos de medias aguas, techos brutos y maderas ordinarias y uno con el piso enladrillado y el otro sin piso, dos ventanas, la una balaustrada y la otra clara, puertas viejas de una mano\u201d. \u201cEn la entrada hay un corredor de dos huecos, con un pilar de cal y ladrillo sumido, techo de ca\u00f1a y madera ordinaria\u201d. \u201cA continuaci\u00f3n otro cuartito angosto de media agua con puerta de una mano, techo de madera como las dem\u00e1s y piso enladrillado\u201d. \u201cEn el otro patio otros dos cuartos de medias aguas de techos de madera ordinaria, pisos enladrillados\u201d. \u201cLa puerta vieja de una mano que entra al corral, tiene arcos de cal y ladrillo y el alto de media agua techado. Luego est\u00e1 la huerta con cinco \u00e1rboles de duraznos y uno de damasco. Se encuentra un pil\u00f3n de cal y ladrillo ochavado y un pilar de piedra labrada\u201d. \u201cLas escaleras que suben al corredor del alto son de ladrillo y cal que fue refaccionada por el actual propietario. El corredor es de diez huecos de pilares de madera, sobre borde de adobe sencillo, techo de ca\u00f1a, madera fina importada, el piso enladrillado algo h\u00famedo que necesita refacci\u00f3n\u201d. \u201cLas viviendas del alto est\u00e1n compuestas de sala, cuadra y dormitorio entablado sobre madera de maguey, todas cuentan con cuatro piezas, son de quince huecos, cuadra de tumbadillo muy maltratado por las chorreras del aguacero, techo de ca\u00f1a, madera fina perfilad, piso enladrillado ruinoso con fallas que necesita refacci\u00f3n, seis ventanas con ocho vidrios y bastidor maltratado, siete puertas descompuestas\u201d. \u201cEn el piso alto un cuarto de cocina con dos cuartitos angostos y chicos de medias aguas que uno funciona de comedor y comunica a la cocina, es de tres huecos, techo de ca\u00f1a, madera fina y ordinaria con los pisos enladrillados, techos y paredes bajadas por varias partes, tres ventanas chicas al patio. El otro cuartito angosto es de seis huecos angostos y comunica a las dos viviendas con gradas algo deshechas que quedan a la entrada de la vivienda del balc\u00f3n de nueve huecos, techo de ca\u00f1a, madera fina de cedro, piso enladrillado con fallas en techos y paredes rajadas en varias partes\u201d. \u201cLos balaustres del balc\u00f3n a la calle es de nueve huecos, con dos puertas de entrada que se encuentran deterioradas\u201d. \u201cLos empedrados de los dos patios y el enlozado bruto del zagu\u00e1n se encuentran en mal estado\u201d.<\/p>\n<h1>A\u00d1O 1842<\/h1>\n<p>\u201cEn la Ciudad de Sucre a 27 de abril de 1842 ante el Escribano P\u00fablico Aniceto Reyes, en virtud de lo mandado por el Se\u00f1or Juez de Letras de esta Capital, el Perito Tasador ciudadano Marcos Montalvo, realiza la tasaci\u00f3n del inmueble ubicado en el Cuartel del mercado, calle de La Orden marcado con los n\u00fameros ocho, diez y doce quien expide el siguiente informe\u201d: \u201cEl frente de la vivienda tiene veinticinco varas y de fondo setenta y seis varas. La primera tienda de la planta baja es de cinco huecos, tabler\u00f3n sobre cuatro vigas y tumbado, armaz\u00f3n nuevo de madera en los tres costados, con doce escaleras, nueve huecos en siete de ellos cinco andamios de tablas y en los dos restantes a tres, mostrador doble de tabler\u00f3n. La puerta de entrada es dos manos reforzada con lata chapa corriente y aldaba, la trastienda peque\u00f1a es de cuatro huecos, trenzado de maguey sobre cuatro vigas, los pisos son enladrillados\u201d. \u201cLa segunda tienda es de cinco huecos de tabler\u00f3n sobre cinco vigas con un tirante, la trastienda es peque\u00f1a de cuatro huecos, trenzado de maguey sobre tres vigas cortas, pisos enladrillados demolidos, puerta principal de dos manos, marco de cal y ladrillo, batiente de piedra labrada\u201d. \u201cLa tercera tienda pasando la puerta de calle es de seis huecos, trenzado de maguey sobre cinco vigas, mostrador de adobe con cubierta de tablas, su trastienda tambi\u00e9n de cuatro huecos, trenzado de maguey sobre tres vigas cortas, pisos enladrillados\u201d. \u201cLa cuarta tienda es de dos huecos, trenzado de maguey sobre una viga y seis tirantillos atravesados, trastienda peque\u00f1a sobre la misma viga, tiene un arco de adobe con cubierta de tabla, pisos enladrillados, la puerta es de dos manos y est\u00e1 vieja, marco de cal y ladrillo batiente de piedra, el interior es de madera\u201d. \u201cLa quinta tienda en el segundo piso es dos huecos, con trastienda con trenzado de maguey sobre una viga gruesa, piso bruto, umbralado con puerta vieja de dos manos, marco y arco de cal y ladrillo batiente de piedra labrada\u201d. \u201cLa sexta tienda en el segundo piso tiene una trastienda peque\u00f1a de seis huecos, trenzado de maguey sobre dos vigas, el de la trastienda de ca\u00f1a brava sobre dos vigas y siete tirantillos, mostrador sencillo de adobe, cubierta de ladrillo, el paso a dicha trastienda es umbralado, pisos enladrillados, puerta de dos manos, arco y marco de cal y ladrillo\u201d. \u201cLa s\u00e9ptima tienda es de tres huecos atravesados, tabler\u00f3n sobre cuatro vigas y dos tirantes, mostrador sencillo de adobe con cubierta de tabla, piso enladrillado, trastienda peque\u00f1a, umbralado, trenzado de ca\u00f1a brava sobre seis tirantillos, puerta principal de dos manos, arco y marco de cal y ladrillo, batiente de piedra canteada\u201d. \u201cLa puerta de calle es de dos manos con abrazaderas de fierro, umbralada y marco de cal y ladrillo sobre bases de piedra labrada y batiente en piedra canteada. El zagu\u00e1n es de diez y medio huecos, tabler\u00f3n sobre diez vigas, dos arcos interiores de cal y ladrillo, asientos en los costados de adobe, cubiertos de ladrillo y marcos de madera, piso enlosado con losa ordinaria\u201d. \u201cLas viviendas principales a la derecha del patio compuestas de antesala, cuadras y dormitorios con su divisi\u00f3n de tabique de estuco y vista de un vidrio al tr\u00e1nsito, pasa al segundo patio por una media agua, un corredor, todas con puertas de quince huecos, techos buenos con tumbados, pisos enladrillados, tres alacenas con tres divisiones\u201d. Tras algunos a\u00f1os de actividad como Banco Agr\u00edcola, el edificio es entregado a la Universidad de San Francisco Xavier como parte de los aportes econ\u00f3micos del Estado para el mantenimiento de esta instituci\u00f3n educativa.<\/p>\n<h1>UBICACI\u00d3N GEOGR\u00c1FICA<\/h1>\n<p>El edificio se ubica en el centro de la ciudad, sobre la manzana que colinda con la esquina norte de la antigua Plaza Mayor. El predio tiene forma irregular por las subdivisiones prediales posteriores a la designaci\u00f3n los cuatro de solares realizada durante la fundaci\u00f3n de la Villa de La Plata por Pedro Anzures. La manzana en la cual se emplaza el edificio, se encuentra entre los antiguos conventos de las \u00f3rdenes franciscana y jesuita. Al tratarse de una manzana colindante con la Plaza Mayor, es de suponer que los diferentes propietarios del predio fueron personajes importantes de la ciudad desde la designaci\u00f3n inicial de solares. Este emplazamiento c\u00e9ntrico deriv\u00f3 inmediatamente en la formaci\u00f3n de la vivienda-comercio con cuatro tiendas que nos describen los t\u00edtulos de propiedad del siglo XIX. En la actualidad, la primera cuadra de la Calle Aniceto Arce se encuentra ocupada por inmuebles que cumplen funciones comerciales, de servicios, de hospedaje o financieras. La presencia del Mercado central en la segunda cuadra de la misma calle origina la formaci\u00f3n de un punto focal de actividad comercial, que tambi\u00e9n responde a la tradici\u00f3n de comercio artesanal desde tiempos coloniales en la antigua Plaza de San Francisco.<br \/>\n[\/et_pb_text][\/et_pb_column][\/et_pb_row][\/et_pb_section]<\/p>\n","protected":false},"excerpt":{"rendered":"<p>ANTECEDENTES HIST\u00d3RICOS DEL EDIFICIO DE LA CALLE CALVO # 46 OFICINAS DEL CENTRO BIBLIOGR\u00c1FICO DOCUMENTAL HIST\u00d3RICO El documento de fundaci\u00f3n de la Villa de La Plata presentado por Roberto Querejazu Calvo indica que la primera repartici\u00f3n de solares contemplaba ocho predios emplazados alrededor de la Plaza Mayor. Considerando que cada solar formaba la cuarta parte [&hellip;]<\/p>\n","protected":false},"author":1,"featured_media":0,"parent":0,"menu_order":0,"comment_status":"closed","ping_status":"closed","template":"","meta":{"_et_pb_use_builder":"on","_et_pb_old_content":"","_et_gb_content_width":"","footnotes":""},"class_list":["post-33389","page","type-page","status-publish","hentry"],"_links":{"self":[{"href":"https:\/\/culturaydeporte.usfx.bo\/centrodocumental\/wp-json\/wp\/v2\/pages\/33389","targetHints":{"allow":["GET"]}}],"collection":[{"href":"https:\/\/culturaydeporte.usfx.bo\/centrodocumental\/wp-json\/wp\/v2\/pages"}],"about":[{"href":"https:\/\/culturaydeporte.usfx.bo\/centrodocumental\/wp-json\/wp\/v2\/types\/page"}],"author":[{"embeddable":true,"href":"https:\/\/culturaydeporte.usfx.bo\/centrodocumental\/wp-json\/wp\/v2\/users\/1"}],"replies":[{"embeddable":true,"href":"https:\/\/culturaydeporte.usfx.bo\/centrodocumental\/wp-json\/wp\/v2\/comments?post=33389"}],"version-history":[{"count":2,"href":"https:\/\/culturaydeporte.usfx.bo\/centrodocumental\/wp-json\/wp\/v2\/pages\/33389\/revisions"}],"predecessor-version":[{"id":33534,"href":"https:\/\/culturaydeporte.usfx.bo\/centrodocumental\/wp-json\/wp\/v2\/pages\/33389\/revisions\/33534"}],"wp:attachment":[{"href":"https:\/\/culturaydeporte.usfx.bo\/centrodocumental\/wp-json\/wp\/v2\/media?parent=33389"}],"curies":[{"name":"wp","href":"https:\/\/api.w.org\/{rel}","templated":true}]}}